{"id":4579,"date":"2024-09-17T17:32:24","date_gmt":"2024-09-17T17:32:24","guid":{"rendered":"https:\/\/lumitech.si\/protezione-dei-dati\/"},"modified":"2026-03-18T19:07:17","modified_gmt":"2026-03-18T19:07:17","slug":"protezione-dei-dati","status":"publish","type":"page","link":"https:\/\/lumitech.si\/it\/protezione-dei-dati\/","title":{"rendered":"Protezione dei dati"},"content":{"rendered":"\n<div style=\"height:24px\" aria-hidden=\"true\" class=\"wp-block-spacer\"><\/div>\n\n<h1 class=\"wp-block-heading has-text-align-center\" id=\"varstvo-podatkov\">Protezione dei dati<\/h1>\n\n<div class=\"wp-block-greenshift-blocks-row alignwide gspb_row gspb_row-id-gsbp-15f33cd\" id=\"gspb_row-id-gsbp-15f33cd\"><div class=\"gspb_row__content\"> \n<div class=\"wp-block-greenshift-blocks-row-column gspb_row__col--12 gspb_col-id-gsbp-892a45d\" id=\"gspb_col-id-gsbp-892a45d\">\n<div id=\"gspb_text-id-gsbp-ca77e7f\" class=\"gspb_text gspb_text-id-gsbp-ca77e7f \">Noi di lumitech.si (di seguito: LUMITECH, Trade and Services, d.o.o) siamo consapevoli dell&#8217;importanza di proteggere i tuoi dati personali e pertanto li trattiamo con attenzione e nel rispetto della legge.<br\/><br\/>In conformit\u00e0 alle nuove norme introdotte dal Regolamento (UE) 2016\/679 del Parlamento Europeo e del Consiglio (GDPR) e alla legge nazionale sulla protezione dei dati personali (ZVOP-1), LUMITECH, Trade and Services Ltd. in qualit\u00e0 di titolare del trattamento \u00e8 tenuta a fornire informazioni sul trattamento dei dati personali su richiesta delle persone fisiche e a fornire tutte le informazioni necessarie per un processo decisionale informato.<br\/><br\/><strong>Dati sul titolare del trattamento:<br\/><\/strong>LUMITECH, Trade and Services, d.o.o<br\/>Snakov\u0161ka cesta 43, 4294 Kri\u017ee<br\/><a href=\"tel:%20+38640343232\">+ 386 40 343 232<\/a><br\/>E-mail: <a href=\"mailto:info@puhala.eu\">info@lumitech.si<\/a><br\/>Web: <a href=\"http:\/\/www.lumitech.si\/\">www.lumitech.si<\/a><br\/><br\/><strong>Dati personali sul sito<br\/><\/strong>Sul sito lumitech.si raccogliamo i dati personali che gli utenti ci forniscono tramite un modulo online. Questi dati sono destinati esclusivamente alla comunicazione commerciale. <br\/><br\/><strong>Raccogliamo le seguenti informazioni:<br\/><\/strong>Nome e cognome<br\/>Azienda<br\/>Indirizzo<br\/>Localit\u00e0<br\/>Telefono GSM<br\/>Indirizzo e-mail<br\/><br\/>Lo scopo della raccolta di queste informazioni \u00e8 di natura commerciale e viene gestito in conformit\u00e0 con il legittimo interesse dell&#8217;azienda per ulteriori collaborazioni e comunicazioni.<br\/><br\/>Il Titolare del trattamento non si assume alcuna responsabilit\u00e0 per l&#8217;accuratezza delle informazioni fornite dagli utenti. L&#8217;utente \u00e8 responsabile della tempestivit\u00e0 e dell&#8217;accuratezza delle informazioni fornite. <br\/><br\/>Il sito web pu\u00f2 contenere anche link a terzi per i quali LUMITECH, Trade and Services Ltd. non si assume alcuna responsabilit\u00e0 per l&#8217;accuratezza dei contenuti.<br\/><br\/><strong>Consenso<br\/><\/strong>Il trattamento dei dati personali sul sito web lumitech.si si basa sul consenso esplicito dell&#8217;interessato, in conformit\u00e0 con l&#8217;articolo 6(1)(a) del GDPR. Puoi ritirare il tuo consenso in qualsiasi momento. <br\/><br\/><strong>Periodo di conservazione dei dati personali<br\/><\/strong>I dati sono conservati in conformit\u00e0 alla politica sulla privacy del sito web lumitech.si e sono necessari per gli scopi per cui sono stati raccolti.<br\/><br\/><strong>I tuoi diritti<br\/><\/strong>Ai sensi del GDPR, hai il diritto di accesso, consultazione, rettifica, cancellazione, portabilit\u00e0 dei dati, limitazione del trattamento e opposizione. Per esercitare i tuoi diritti, contatta LUMITECH, Trade and Services, d.o.o, Snakov\u0161ka cesta 43, 4293 Kri\u017ee o invia un&#8217;e-mail a   <a href=\"mailto:info@eimv.si\" target=\"_blank\" rel=\"noreferrer noopener\"><\/a><a href=\"mailto:info@puhala.eu\">info@lumitech.si.<\/a> La tua richiesta sar\u00e0 trattata in conformit\u00e0 al GDPR. <\/div>\n<\/div>\n <\/div><\/div>\n","protected":false},"excerpt":{"rendered":"<p>Protezione dei dati<\/p>\n","protected":false},"author":1,"featured_media":0,"parent":0,"menu_order":0,"comment_status":"closed","ping_status":"closed","template":"","meta":{"_gspb_post_css":"#gspb_row-id-gsbp-15f33cd{justify-content:space-between;margin-bottom:0;display:flex;flex-wrap:wrap;margin-top:5px;padding-bottom:50px}#gspb_row-id-gsbp-15f33cd>.gspb_row__content{display:flex;justify-content:space-between;margin:0 auto;width:100%;flex-wrap:wrap}.gspb_row{position:relative}div[id^=gspb_col-id]{box-sizing:border-box;position:relative;padding:var(--gs-row-column-padding, 15px min(3vw, 20px))}body.gspb-bodyfront #gspb_row-id-gsbp-15f33cd>.gspb_row__content{max-width:var(--wp--style--global--wide-size, 1200px)}#gspb_col-id-gsbp-892a45d.gspb_row__col--12{width:100%}@media (max-width:575.98px){#gspb_col-id-gsbp-892a45d.gspb_row__col--12{width:100%}}","footnotes":""},"class_list":["post-4579","page","type-page","status-publish","hentry"],"_links":{"self":[{"href":"https:\/\/lumitech.si\/it\/wp-json\/wp\/v2\/pages\/4579","targetHints":{"allow":["GET"]}}],"collection":[{"href":"https:\/\/lumitech.si\/it\/wp-json\/wp\/v2\/pages"}],"about":[{"href":"https:\/\/lumitech.si\/it\/wp-json\/wp\/v2\/types\/page"}],"author":[{"embeddable":true,"href":"https:\/\/lumitech.si\/it\/wp-json\/wp\/v2\/users\/1"}],"replies":[{"embeddable":true,"href":"https:\/\/lumitech.si\/it\/wp-json\/wp\/v2\/comments?post=4579"}],"version-history":[{"count":2,"href":"https:\/\/lumitech.si\/it\/wp-json\/wp\/v2\/pages\/4579\/revisions"}],"predecessor-version":[{"id":4593,"href":"https:\/\/lumitech.si\/it\/wp-json\/wp\/v2\/pages\/4579\/revisions\/4593"}],"wp:attachment":[{"href":"https:\/\/lumitech.si\/it\/wp-json\/wp\/v2\/media?parent=4579"}],"curies":[{"name":"wp","href":"https:\/\/api.w.org\/{rel}","templated":true}]}}