{"id":4611,"date":"2024-09-19T15:48:58","date_gmt":"2024-09-19T15:48:58","guid":{"rendered":"https:\/\/lumitech.si\/cookie-szabalyzat\/"},"modified":"2026-03-18T19:07:23","modified_gmt":"2026-03-18T19:07:23","slug":"cookie-szabalyzat","status":"publish","type":"page","link":"https:\/\/lumitech.si\/hu\/cookie-szabalyzat\/","title":{"rendered":"Cookie szab\u00e1lyzat"},"content":{"rendered":"\n<div class=\"wp-block-greenshift-blocks-row alignwide gspb_row gspb_row-id-gsbp-37940c8\" id=\"gspb_row-id-gsbp-37940c8\"><div class=\"gspb_row__content\"> \n<div class=\"wp-block-greenshift-blocks-row-column gspb_row__col--12 gspb_col-id-gsbp-87b55c9\" id=\"gspb_col-id-gsbp-87b55c9\">\n<style>\n    a.cky-banner-element {\n        padding: 8px 15px;\n        background: #F8F9FA;\n        color: #858A8F;\n        border: 1px solid #DEE2E6;\n        box-sizing: border-box;\n        border-radius: 2px;\n        cursor: pointer;\n}\n<\/style>\n<h1 class=\"cookie-policy-h1\">Cookie szab\u00e1lyzat<\/h1>\n\n<h5>Mik azok a s\u00fctik?<\/h5>\n<div class=\"cookie-policy-p\"><p>Ez a Cookie-szab\u00e1lyzat elmagyar\u00e1zza, hogy mik azok a s\u00fctik \u00e9s hogyan haszn\u00e1ljuk \u0151ket, milyen t\u00edpus\u00fa s\u00fctiket haszn\u00e1lunk, azaz. milyen inform\u00e1ci\u00f3kat gy\u0171jt\u00fcnk a cookie-k seg\u00edts\u00e9g\u00e9vel, hogyan haszn\u00e1ljuk \u0151ket, \u00e9s hogyan kezelheti a cookie-be\u00e1ll\u00edt\u00e1sait. <\/p> <p>A s\u00fctik kis sz\u00f6vegf\u00e1jlok, amelyeket kis inform\u00e1ci\u00f3k t\u00e1rol\u00e1s\u00e1ra haszn\u00e1lnak. Ezek az \u00d6n eszk\u00f6z\u00e9n t\u00e1rol\u00f3dnak, amikor a weboldal bet\u00f6lt\u0151dik a b\u00f6ng\u00e9sz\u0151j\u00e9be. Ezek a s\u00fctik seg\u00edtenek nek\u00fcnk abban, hogy a weboldal megfelel\u0151en m\u0171k\u00f6dj\u00f6n, biztons\u00e1gosabb\u00e1 tegy\u00fck, jobb felhaszn\u00e1l\u00f3i \u00e9lm\u00e9nyt ny\u00fajtsunk, valamint seg\u00edtenek meg\u00e9rteni a weboldal m\u0171k\u00f6d\u00e9s\u00e9t, \u00e9s elemezni, hogy mi m\u0171k\u00f6dik, \u00e9s hol van sz\u00fcks\u00e9g fejleszt\u00e9sekre.  <\/p><\/div>\n\n<h5>Hogyan haszn\u00e1ljuk a s\u00fctiket?<\/h5>\n<div class=\"cookie-policy-p\"><p>A legt\u00f6bb online szolg\u00e1ltat\u00e1shoz hasonl\u00f3an weboldalunk is haszn\u00e1l els\u0151 \u00e9s harmadik f\u00e9lt\u0151l sz\u00e1rmaz\u00f3 s\u00fctiket k\u00fcl\u00f6nb\u00f6z\u0151 c\u00e9lokra. Az els\u0151 f\u00e9lt\u0151l sz\u00e1rmaz\u00f3 s\u00fctik t\u00f6bbnyire a weboldal megfelel\u0151 m\u0171k\u00f6d\u00e9s\u00e9hez sz\u00fcks\u00e9gesek, \u00e9s nem gy\u0171jtenek \u00d6nr\u0151l szem\u00e9lyazonos\u00edt\u00e1sra alkalmas inform\u00e1ci\u00f3kat. <\/p> <p>A weboldalunkon tal\u00e1lhat\u00f3 harmadik f\u00e9lt\u0151l sz\u00e1rmaz\u00f3 s\u00fctiket els\u0151sorban arra haszn\u00e1ljuk, hogy meg\u00e9rts\u00fck, hogyan m\u0171k\u00f6dik a weboldal, hogyan l\u00e9p kapcsolatba a weboldalunkkal, hogy biztos\u00edtsuk szolg\u00e1ltat\u00e1saink biztons\u00e1g\u00e1t, hogy az \u00d6n sz\u00e1m\u00e1ra relev\u00e1ns hirdet\u00e9seket ny\u00fajtsunk, \u00e9s \u00e1ltal\u00e1ban, hogy jobb \u00e9s jobb felhaszn\u00e1l\u00f3i \u00e9lm\u00e9nyt ny\u00fajtsunk \u00d6nnek, \u00e9s hogy felgyors\u00edtsuk a weboldalunkkal val\u00f3 j\u00f6v\u0151beli interakci\u00f3it.<\/p><\/div>\n\n    <h5>Az \u00e1ltalunk haszn\u00e1lt s\u00fctik t\u00edpusai<\/h5>\n\n    <div class=\"cky-audit-table-element\"><\/div>\n\n\n    <h5 style=\"margin-bottom:20px;\">Cookie szab\u00e1lyzat<\/h5>\n\n    <a class=\"cky-banner-element\">Cookie be\u00e1ll\u00edt\u00e1sok<\/a> <br\/>\n    <div><p>A fenti gombra kattintva b\u00e1rmikor megv\u00e1ltoztathatja a cookie-be\u00e1ll\u00edt\u00e1sokat. Ez lehet\u0151v\u00e9 teszi, hogy \u00fajra megn\u00e9zze a cookie-hozz\u00e1j\u00e1rul\u00e1si bannert, \u00e9s azonnal megv\u00e1ltoztassa a be\u00e1ll\u00edt\u00e1sait, vagy visszavonja a hozz\u00e1j\u00e1rul\u00e1s\u00e1t. <\/p><p>Ezenk\u00edv\u00fcl a k\u00fcl\u00f6nb\u00f6z\u0151 b\u00f6ng\u00e9sz\u0151k k\u00fcl\u00f6nb\u00f6z\u0151 m\u00f3dszereket k\u00edn\u00e1lnak a webhelyek \u00e1ltal haszn\u00e1lt s\u00fctik blokkol\u00e1s\u00e1ra \u00e9s t\u00f6rl\u00e9s\u00e9re. Megv\u00e1ltoztathatja b\u00f6ng\u00e9sz\u0151je be\u00e1ll\u00edt\u00e1sait a s\u00fctik blokkol\u00e1sa\/t\u00f6rl\u00e9se \u00e9rdek\u00e9ben. Az al\u00e1bbiakban olyan t\u00e1mogat\u00f3 dokumentumok linkjei tal\u00e1lhat\u00f3k, amelyek elmagyar\u00e1zz\u00e1k, hogyan kezelheti \u00e9s t\u00f6r\u00f6lheti a cookie-kat a f\u0151bb webb\u00f6ng\u00e9sz\u0151kben.  <\/p><p>Kr\u00f3m: <a href=\"https:\/\/support.google.com\/accounts\/answer\/32050\" rel=\"noopener noreferrer\" target=\"_blank\">https:\/\/support.google.com\/accounts\/answer\/32050<\/a><\/p><p>Szafari: <a href=\"https:\/\/support.apple.com\/en-in\/guide\/safari\/sfri11471\/mac\" rel=\"noopener noreferrer\" target=\"_blank\">https:\/\/support.apple.com\/en-in\/guide\/safari\/sfri11471\/mac<\/a><\/p><p>Firefox: <a href=\"https:\/\/support.mozilla.org\/en-US\/kb\/clear-cookies-and-site-data-firefox?redirectslug=delete-cookies-remove-info-websites-stored&#038;redirectlocale=en-US\" rel=\"noopener noreferrer\" target=\"_blank\">https:\/\/support.mozilla.org\/en-US\/kb\/clear-cookies-and-site-data-firefox?redirectslug=delete-cookies-remove-info-websites-stored&#038;redirectlocale=en-US<\/a><\/p><p>Internet Explorer: <a href=\"https:\/\/support.microsoft.com\/en-us\/topic\/how-to-delete-cookie-files-in-internet-explorer-bca9446f-d873-78de-77ba-d42645fa52fc\" rel=\"noopener noreferrer\" target=\"_blank\">https:\/\/support.microsoft.com\/en-us\/topic\/how-to-delete-cookie-files-in-internet-explorer-bca9446f-d873-78de-77ba-d42645fa52fc<\/a><\/p><p>Ha m\u00e1s b\u00f6ng\u00e9sz\u0151t haszn\u00e1l, k\u00e9rj\u00fck, tekintse meg a b\u00f6ng\u00e9sz\u0151 hivatalos t\u00e1mogat\u00e1si dokumentumait.<\/p><\/div>\n<\/div>\n <\/div><\/div>\n","protected":false},"excerpt":{"rendered":"","protected":false},"author":1,"featured_media":0,"parent":0,"menu_order":0,"comment_status":"closed","ping_status":"closed","template":"","meta":{"_gspb_post_css":"#gspb_row-id-gsbp-37940c8{justify-content:space-between;margin-bottom:0;display:flex;flex-wrap:wrap;margin-top:20px;padding-bottom:70px}#gspb_row-id-gsbp-37940c8>.gspb_row__content{display:flex;justify-content:space-between;margin:0 auto;width:100%;flex-wrap:wrap}.gspb_row{position:relative}div[id^=gspb_col-id]{box-sizing:border-box;position:relative;padding:15px min(3vw,20px)}body.gspb-bodyfront #gspb_row-id-gsbp-37940c8>.gspb_row__content{max-width:var(--wp--style--global--wide-size, 1200px)}#gspb_col-id-gsbp-87b55c9.gspb_row__col--12{width:100%}@media (max-width:575.98px){#gspb_col-id-gsbp-87b55c9.gspb_row__col--12{width:100%}}","footnotes":""},"class_list":["post-4611","page","type-page","status-publish","hentry"],"_links":{"self":[{"href":"https:\/\/lumitech.si\/hu\/wp-json\/wp\/v2\/pages\/4611","targetHints":{"allow":["GET"]}}],"collection":[{"href":"https:\/\/lumitech.si\/hu\/wp-json\/wp\/v2\/pages"}],"about":[{"href":"https:\/\/lumitech.si\/hu\/wp-json\/wp\/v2\/types\/page"}],"author":[{"embeddable":true,"href":"https:\/\/lumitech.si\/hu\/wp-json\/wp\/v2\/users\/1"}],"replies":[{"embeddable":true,"href":"https:\/\/lumitech.si\/hu\/wp-json\/wp\/v2\/comments?post=4611"}],"version-history":[{"count":1,"href":"https:\/\/lumitech.si\/hu\/wp-json\/wp\/v2\/pages\/4611\/revisions"}],"predecessor-version":[{"id":4617,"href":"https:\/\/lumitech.si\/hu\/wp-json\/wp\/v2\/pages\/4611\/revisions\/4617"}],"wp:attachment":[{"href":"https:\/\/lumitech.si\/hu\/wp-json\/wp\/v2\/media?parent=4611"}],"curies":[{"name":"wp","href":"https:\/\/api.w.org\/{rel}","templated":true}]}}