{"id":4583,"date":"2024-09-17T17:32:24","date_gmt":"2024-09-17T17:32:24","guid":{"rendered":"https:\/\/lumitech.si\/adatvedelem\/"},"modified":"2026-03-18T19:07:17","modified_gmt":"2026-03-18T19:07:17","slug":"adatvedelem","status":"publish","type":"page","link":"https:\/\/lumitech.si\/hu\/adatvedelem\/","title":{"rendered":"Adatv\u00e9delem"},"content":{"rendered":"\n<div style=\"height:24px\" aria-hidden=\"true\" class=\"wp-block-spacer\"><\/div>\n\n<h1 class=\"wp-block-heading has-text-align-center\" id=\"varstvo-podatkov\">Adatv\u00e9delem<\/h1>\n\n<div class=\"wp-block-greenshift-blocks-row alignwide gspb_row gspb_row-id-gsbp-15f33cd\" id=\"gspb_row-id-gsbp-15f33cd\"><div class=\"gspb_row__content\"> \n<div class=\"wp-block-greenshift-blocks-row-column gspb_row__col--12 gspb_col-id-gsbp-892a45d\" id=\"gspb_col-id-gsbp-892a45d\">\n<div id=\"gspb_text-id-gsbp-ca77e7f\" class=\"gspb_text gspb_text-id-gsbp-ca77e7f \">A lumitech.si (a tov\u00e1bbiakban: LUMITECH, Trade and Services, d.o.o) v\u00e1llalatn\u00e1l tiszt\u00e1ban vagyunk a szem\u00e9lyes adatok v\u00e9delm\u00e9nek fontoss\u00e1g\u00e1val, ez\u00e9rt gondosan \u00e9s a t\u00f6rv\u00e9nyeknek megfelel\u0151en kezelj\u00fck az \u00d6n adatait.<br\/><br\/>Az Eur\u00f3pai Parlament \u00e9s a Tan\u00e1cs (EU) 2016\/679 rendelete (GDPR) \u00e9s a nemzeti adatv\u00e9delmi t\u00f6rv\u00e9ny (ZVOP-1) \u00e1ltal bevezetett \u00faj szab\u00e1lyoz\u00e1ssal \u00f6sszhangban a LUMITECH, Kereskedelmi \u00e9s Szolg\u00e1ltat\u00f3 Kft. mint adatkezel\u0151 k\u00f6teles az egy\u00e9nek k\u00e9r\u00e9s\u00e9re t\u00e1j\u00e9koztat\u00e1st ny\u00fajtani a szem\u00e9lyes adatok kezel\u00e9s\u00e9r\u0151l, \u00e9s a megalapozott d\u00f6nt\u00e9shozatalhoz sz\u00fcks\u00e9ges valamennyi inform\u00e1ci\u00f3t megadni.<br\/><br\/><strong>Az adatkezel\u0151re vonatkoz\u00f3 adatok:<br\/><\/strong>LUMITECH, Trade and Services, d.o.o<br\/>Snakov\u0161ka cesta 43, 4294 Kri\u017ee<br\/><a href=\"tel:%20+38640343232\">+ 386 40 343 232<\/a><br\/>E-mail: <a href=\"mailto:info@puhala.eu\">info@lumitech.si<\/a><br\/>Web: <a href=\"http:\/\/www.lumitech.si\/\">www.lumitech.si<\/a><br\/><br\/><strong>Szem\u00e9lyes adatok a<br\/> weboldalon<\/strong>A lumitech.si weboldalon szem\u00e9lyes adatokat gy\u0171jt\u00fcnk, amelyeket a felhaszn\u00e1l\u00f3k egy online \u0171rlapon kereszt\u00fcl adnak meg. Ezek az adatok kiz\u00e1r\u00f3lag \u00fczleti kommunik\u00e1ci\u00f3ra szolg\u00e1lnak. <br\/><br\/><strong>A k\u00f6vetkez\u0151 adatokat gy\u0171jtj\u00fck:<br\/><\/strong>El\u0151- \u00e9s ut\u00f3n\u00e9v<br\/>C\u00e9g<br\/>C\u00edm<br\/>Telephely<br\/>GSM\/telefon<br\/>E-mail c\u00edm<br\/><br\/>Ezen inform\u00e1ci\u00f3k gy\u0171jt\u00e9s\u00e9nek c\u00e9lja kereskedelmi jelleg\u0171, \u00e9s a v\u00e1llalat tov\u00e1bbi egy\u00fcttm\u0171k\u00f6d\u00e9shez \u00e9s kommunik\u00e1ci\u00f3hoz f\u0171z\u0151d\u0151 jogos \u00e9rdekeivel \u00f6sszhangban t\u00f6rt\u00e9nik.<br\/><br\/>Az Adatkezel\u0151 nem v\u00e1llal felel\u0151ss\u00e9get a felhaszn\u00e1l\u00f3k \u00e1ltal megadott inform\u00e1ci\u00f3k pontoss\u00e1g\u00e1\u00e9rt. Felhaszn\u00e1l\u00f3k\u00e9nt \u00d6n felel\u0151s a megadott inform\u00e1ci\u00f3k id\u0151szer\u0171s\u00e9g\u00e9\u00e9rt \u00e9s pontoss\u00e1g\u00e1\u00e9rt. <br\/><br\/>A weboldal tartalmazhat harmadik f\u00e9lre mutat\u00f3 linkeket is, amelyek tartalm\u00e1nak pontoss\u00e1g\u00e1\u00e9rt a LUMITECH, Kereskedelmi \u00e9s Szolg\u00e1ltat\u00f3 Kft. nem v\u00e1llal felel\u0151ss\u00e9get.<br\/><br\/><strong>Hozz\u00e1j\u00e1rul\u00e1s<br\/><\/strong>A lumitech.si weboldalon a szem\u00e9lyes adatok feldolgoz\u00e1sa a GDPR 6. cikke (1) bekezd\u00e9s\u00e9nek a) pontj\u00e1val \u00f6sszhangban az \u00e9rintett kifejezett hozz\u00e1j\u00e1rul\u00e1s\u00e1n alapul. A hozz\u00e1j\u00e1rul\u00e1s\u00e1t b\u00e1rmikor visszavonhatja. <br\/><br\/><strong>A szem\u00e9lyes adatok meg\u0151rz\u00e9si ideje<br\/><\/strong>Az adatokat a lumitech.si weboldal adatv\u00e9delmi politik\u00e1j\u00e1nak megfelel\u0151en t\u00e1rolj\u00e1k, \u00e9s az adatok gy\u0171jt\u00e9s\u00e9nek c\u00e9ljaira sz\u00fcks\u00e9gesek.<br\/><br\/><strong>Az \u00d6n jogai<br\/><\/strong>A GDPR \u00e9rtelm\u00e9ben \u00d6nnek joga van a hozz\u00e1f\u00e9r\u00e9shez, a betekint\u00e9shez, a helyesb\u00edt\u00e9shez, a t\u00f6rl\u00e9shez, az adathordozhat\u00f3s\u00e1ghoz, az adatkezel\u00e9s korl\u00e1toz\u00e1s\u00e1hoz \u00e9s a tiltakoz\u00e1shoz. Jogai gyakorl\u00e1s\u00e1hoz k\u00e9rj\u00fck, forduljon a LUMITECH, Trade and Services, d.o.o, Snakov\u0161ka cesta 43, 4293 Kri\u017ee c\u00edmre, vagy e-mailen a k\u00f6vetkez\u0151 c\u00edmre   <a href=\"mailto:info@eimv.si\" target=\"_blank\" rel=\"noreferrer noopener\"><\/a><a href=\"mailto:info@puhala.eu\">info@lumitech.si.<\/a> K\u00e9r\u00e9s\u00e9t a GDPR-nak megfelel\u0151en kezelj\u00fck. <\/div>\n<\/div>\n <\/div><\/div>\n","protected":false},"excerpt":{"rendered":"<p>Adatv\u00e9delem<\/p>\n","protected":false},"author":1,"featured_media":0,"parent":0,"menu_order":0,"comment_status":"closed","ping_status":"closed","template":"","meta":{"_gspb_post_css":"#gspb_row-id-gsbp-15f33cd{justify-content:space-between;margin-bottom:0;display:flex;flex-wrap:wrap;margin-top:5px;padding-bottom:50px}#gspb_row-id-gsbp-15f33cd>.gspb_row__content{display:flex;justify-content:space-between;margin:0 auto;width:100%;flex-wrap:wrap}.gspb_row{position:relative}div[id^=gspb_col-id]{box-sizing:border-box;position:relative;padding:var(--gs-row-column-padding, 15px min(3vw, 20px))}body.gspb-bodyfront #gspb_row-id-gsbp-15f33cd>.gspb_row__content{max-width:var(--wp--style--global--wide-size, 1200px)}#gspb_col-id-gsbp-892a45d.gspb_row__col--12{width:100%}@media (max-width:575.98px){#gspb_col-id-gsbp-892a45d.gspb_row__col--12{width:100%}}","footnotes":""},"class_list":["post-4583","page","type-page","status-publish","hentry"],"_links":{"self":[{"href":"https:\/\/lumitech.si\/hu\/wp-json\/wp\/v2\/pages\/4583","targetHints":{"allow":["GET"]}}],"collection":[{"href":"https:\/\/lumitech.si\/hu\/wp-json\/wp\/v2\/pages"}],"about":[{"href":"https:\/\/lumitech.si\/hu\/wp-json\/wp\/v2\/types\/page"}],"author":[{"embeddable":true,"href":"https:\/\/lumitech.si\/hu\/wp-json\/wp\/v2\/users\/1"}],"replies":[{"embeddable":true,"href":"https:\/\/lumitech.si\/hu\/wp-json\/wp\/v2\/comments?post=4583"}],"version-history":[{"count":2,"href":"https:\/\/lumitech.si\/hu\/wp-json\/wp\/v2\/pages\/4583\/revisions"}],"predecessor-version":[{"id":4594,"href":"https:\/\/lumitech.si\/hu\/wp-json\/wp\/v2\/pages\/4583\/revisions\/4594"}],"wp:attachment":[{"href":"https:\/\/lumitech.si\/hu\/wp-json\/wp\/v2\/media?parent=4583"}],"curies":[{"name":"wp","href":"https:\/\/api.w.org\/{rel}","templated":true}]}}