{"id":4571,"date":"2024-08-30T07:08:09","date_gmt":"2024-08-30T07:08:09","guid":{"rendered":"https:\/\/lumitech.si\/egyeb-szolgaltatasok\/"},"modified":"2026-03-18T19:07:17","modified_gmt":"2026-03-18T19:07:17","slug":"egyeb-szolgaltatasok","status":"publish","type":"page","link":"https:\/\/lumitech.si\/hu\/egyeb-szolgaltatasok\/","title":{"rendered":"Egy\u00e9b szolg\u00e1ltat\u00e1sok"},"content":{"rendered":"\n<section class=\"wp-block-greenshift-blocks-row alignfull gspb_row gspb_row-id-gsbp-f7640b0\" id=\"gspb_row-id-gsbp-f7640b0\"><div class=\"gspb_row__content\"> \n<div class=\"wp-block-greenshift-blocks-row-column gspb_row__col--12 gspb_col-id-gsbp-0de55df\" id=\"gspb_col-id-gsbp-0de55df\">\n<div class=\"wp-block-greenshift-blocks-container gspb_container gspb_container-gsbp-6d30337\" id=\"gspb_container-id-gsbp-6d30337\"><\/div>\n\n\n\n<div class=\"wp-block-greenshift-blocks-container gspb_container gspb_container-gsbp-de0d757\" id=\"gspb_container-id-gsbp-de0d757\">\n<div class=\"wp-block-greenshift-blocks-container gspb_container gspb_container-gspb-Ah7_KF77aJHY-8WbaErtj\" id=\"gspb_container-id-gspb-Ah7_KF77aJHY-8WbaErtj\">\n<div class=\"wp-block-greenshift-blocks-container gspb_container gspb_container-gspb-DqN-CQXvXzQy29WBIxviH\" id=\"gspb_container-id-gspb-DqN-CQXvXzQy29WBIxviH\">\n<h3 id=\"gspb_heading-id-gspb-Bqaue1ojGe2kbuN_3-bEf\" class=\"gspb_heading gspb_heading-id-gspb-Bqaue1ojGe2kbuN_3-bEf \">Aszinkronmotorok szervizel\u00e9se \u00e9s \u00e9rt\u00e9kes\u00edt\u00e9se<\/h3>\n\n\n\n<div id=\"gspb_text-id-gspb-j3gIUlgPG_nlKXUbaqBJe\" class=\"gspb_text gspb_text-id-gspb-j3gIUlgPG_nlKXUbaqBJe \">Cs\u00f6kkentse az \u00e1ll\u00e1sid\u0151t, n\u00f6velje a termel\u00e9kenys\u00e9get, \u00e9s optimaliz\u00e1lt karbantart\u00e1ssal hosszabb\u00edtsa meg villanymotorjai \u00e9lettartam\u00e1t.<\/div>\n\n\n\n<div class=\"gspb_button_wrapper gspb_button-id-gsbp-4af7b7f\" id=\"gspb_button-id-gsbp-4af7b7f\"><a class=\"wp-block-greenshift-blocks-buttonbox gspb-buttonbox wp-element-button\" href=\"https:\/\/lumitech.si\/servis-asihronih-motorjev\/\" rel=\"noopener\"><span class=\"gspb-buttonbox-textwrap\"><span class=\"gspb-buttonbox-text\"><span class=\"gspb-buttonbox-title\">Tov\u00e1bbi inform\u00e1ci\u00f3<\/span><\/span><\/span><\/a><\/div>\n<\/div>\n<\/div>\n\n\n\n<div class=\"wp-block-greenshift-blocks-container gspb_container gspb_container-gspb-Apy1vAyqxTxUXVySUS-Fp\" id=\"gspb_container-id-gspb-Apy1vAyqxTxUXVySUS-Fp\">\n<div class=\"wp-block-greenshift-blocks-container gspb_container gspb_container-gspb-kJllk5cxBU7e6Tp723tk2\" id=\"gspb_container-id-gspb-kJllk5cxBU7e6Tp723tk2\">\n<h3 id=\"gspb_heading-id-gspb-B5NxZ78jTinckz9clx_sM\" class=\"gspb_heading gspb_heading-id-gspb-B5NxZ78jTinckz9clx_sM \">Elektromotorok tekercsel\u00e9se<\/h3>\n\n\n\n<div id=\"gspb_text-id-gspb-2ly5_Qi7ljNyEwsuLvB_e\" class=\"gspb_text gspb_text-id-gspb-2ly5_Qi7ljNyEwsuLvB_e \">A tekercsel\u00e9ssel t\u00f6rt\u00e9n\u0151 visszatekercsel\u00e9s jav\u00edtja a hat\u00e9konys\u00e1got \u00e9s meghosszabb\u00edtja az elektromotorok \u00e9lettartam\u00e1t, ami megb\u00edzhat\u00f3bb termel\u00e9st eredm\u00e9nyez.<\/div>\n\n\n\n<div class=\"gspb_button_wrapper gspb_button-id-gsbp-8db6e3f\" id=\"gspb_button-id-gsbp-8db6e3f\"><a class=\"wp-block-greenshift-blocks-buttonbox gspb-buttonbox wp-element-button\" href=\"https:\/\/lumitech.si\/hu\/elektromotorok-tekercselese\/\" rel=\"noopener\"><span class=\"gspb-buttonbox-textwrap\"><span class=\"gspb-buttonbox-text\"><span class=\"gspb-buttonbox-title\">Tov\u00e1bbi inform\u00e1ci\u00f3<\/span><\/span><\/span><\/a><\/div>\n<\/div>\n<\/div>\n\n\n\n<div class=\"wp-block-greenshift-blocks-container gspb_container gspb_container-gspb-fTCJ7Kp-Wx8AqBY6_h06K\" id=\"gspb_container-id-gspb-fTCJ7Kp-Wx8AqBY6_h06K\">\n<div class=\"wp-block-greenshift-blocks-container gspb_container gspb_container-gspb-ARdnYzArYQmvRhTLyZm4s\" id=\"gspb_container-id-gspb-ARdnYzArYQmvRhTLyZm4s\">\n<h3 id=\"gspb_heading-id-gspb-kaz-4BgThFM8dJrgaATRh\" class=\"gspb_heading gspb_heading-id-gspb-kaz-4BgThFM8dJrgaATRh \">Egyedi t\u00f6m\u00edt\u00e9sek<\/h3>\n\n\n\n<div id=\"gspb_text-id-gspb-apT8ldln7SYm2ga2fF4f9\" class=\"gspb_text gspb_text-id-gspb-apT8ldln7SYm2ga2fF4f9 \">A lapos t\u00f6m\u00edt\u00e9seket prec\u00edz \u00e9s gyors, modern berendez\u00e9sekkel gy\u00e1rtjuk, amelyek grafikai \u00e9s CAD szoftverekkel vannak \u00f6sszekapcsolva. Sz\u00e1mos tan\u00fas\u00edtott anyag \u00e1ll rendelkez\u00e9sre ipari alkalmaz\u00e1sokhoz. <\/div>\n\n\n\n<div class=\"gspb_button_wrapper gspb_button-id-gsbp-e44c8be\" id=\"gspb_button-id-gsbp-e44c8be\"><a class=\"wp-block-greenshift-blocks-buttonbox gspb-buttonbox wp-element-button\" href=\"https:\/\/lumitech.si\/hu\/egyedi-tomitesek\/\" rel=\"noopener\"><span class=\"gspb-buttonbox-textwrap\"><span class=\"gspb-buttonbox-text\"><span class=\"gspb-buttonbox-title\">Tov\u00e1bbi inform\u00e1ci\u00f3<\/span><\/span><\/span><\/a><\/div>\n<\/div>\n<\/div>\n<\/div>\n<\/div>\n <\/div><\/section>\n\n<section class=\"wp-block-greenshift-blocks-row alignfull gspb_row gspb_row-id-gsbp-9f79b1e\" id=\"gspb_row-id-gsbp-9f79b1e\"><div class=\"gspb_row__content\"> \n<div class=\"wp-block-greenshift-blocks-row-column gspb_row__col--12 gspb_col-id-gsbp-ab790fe\" id=\"gspb_col-id-gsbp-ab790fe\">\n<div class=\"wp-block-greenshift-blocks-container gspb_container gspb_container-gsbp-858d888\" id=\"gspb_container-id-gsbp-858d888\">\n<div class=\"wp-block-greenshift-blocks-container gspb_container gspb_container-gsbp-0edfe3e\" id=\"gspb_container-id-gsbp-0edfe3e\">\n<div class=\"wp-block-greenshift-blocks-container gspb_container gspb_container-gsbp-c42384b\" id=\"gspb_container-id-gsbp-c42384b\">\n<h3 id=\"gspb_heading-id-gsbp-56e3cab\" class=\"gspb_heading gspb_heading-id-gsbp-56e3cab \">P\u00f3talkatr\u00e9szek sz\u00e1ll\u00edt\u00e1sa<\/h3>\n\n\n\n<div id=\"gspb_text-id-gsbp-ce9e6be\" class=\"gspb_text gspb_text-id-gsbp-ce9e6be \">P\u00f3talkatr\u00e9szeket sz\u00e1ll\u00edtunk, bele\u00e9rtve a szivatty\u00fa kamr\u00e1j\u00e1nak mechanikus t\u00f6m\u00edt\u00e9seit is, \u00e9s szak\u00e9rt\u0151i csapatunk szem\u00e9lyes t\u00e1mogat\u00e1s\u00e1val garant\u00e1ljuk a term\u00e9kek kiv\u00e1l\u00f3 min\u0151s\u00e9g\u00e9t.<\/div>\n\n\n<style>#gspb_button-id-gsbp-ed63688{display:flex;justify-content:flex-start;}#gspb_button-id-gsbp-ed63688 .gspb-buttonbox-text{display:flex;flex-direction:column;}#gspb_button-id-gsbp-ed63688 > .gspb-buttonbox{box-sizing:border-box}#gspb_button-id-gsbp-ed63688 > .gspb-buttonbox{margin-top:20px;padding-top:5px;padding-bottom:5px;}#gspb_button-id-gsbp-ed63688 > .gspb-buttonbox{background-color:#3283f3;}#gspb_button-id-gsbp-ed63688 > .gspb-buttonbox:hover{background-color:#186bdf !important;}#gspb_button-id-gsbp-ed63688 > .gspb-buttonbox{font-size:16px;}#gspb_button-id-gsbp-ed63688 > .gspb-buttonbox,#gspb_button-id-gsbp-ed63688 > .gspb-buttonbox a{text-decoration:none;}#gspb_button-id-gsbp-ed63688 > .gspb-buttonbox{color:var(--wp--preset--color--contrastcolor,#fffffe);}#gspb_button-id-gsbp-ed63688 > .gspb-buttonbox:hover{color:var(--wp--preset--color--textonprimary,#fffffd);}#gspb_button-id-gsbp-ed63688 > .gspb-buttonbox{border-top-left-radius:8px;border-top-right-radius:8px;border-bottom-right-radius:8px;border-bottom-left-radius:8px;}#gspb_button-id-gsbp-ed63688 > .gspb-buttonbox{border-color:#00000000;}#gspb_button-id-gsbp-ed63688 > .gspb-buttonbox > .gspb_backgroundOverlay{border-top-left-radius:8px;border-top-right-radius:8px;border-bottom-right-radius:8px;border-bottom-left-radius:8px;}<\/style>\n<div class=\"gspb_button_wrapper gspb_button-id-gsbp-ed63688\" id=\"gspb_button-id-gsbp-ed63688\"><a class=\"wp-block-greenshift-blocks-buttonbox gspb-buttonbox wp-element-button\" href=\"https:\/\/lumitech.si\/hu\/potalkatreszek-szallitasa\/\" rel=\"noopener\"><span class=\"gspb-buttonbox-textwrap\"><span class=\"gspb-buttonbox-text\"><span class=\"gspb-buttonbox-title\">Tov\u00e1bbi inform\u00e1ci\u00f3<\/span><\/span><\/span><\/a><\/div>\n<\/div>\n<\/div>\n\n\n\n<div class=\"wp-block-greenshift-blocks-container gspb_container gspb_container-gsbp-ee1016e\" id=\"gspb_container-id-gsbp-ee1016e\">\n<div class=\"wp-block-greenshift-blocks-container gspb_container gspb_container-gsbp-b79c909\" id=\"gspb_container-id-gsbp-b79c909\">\n<h3 id=\"gspb_heading-id-gsbp-c86d4bf\" class=\"gspb_heading gspb_heading-id-gsbp-c86d4bf \">Egy\u00e9b sorozaton k\u00edv\u00fcli kereslet<\/h3>\n\n\n\n<div id=\"gspb_text-id-gsbp-6cd5a10\" class=\"gspb_text gspb_text-id-gsbp-6cd5a10 \">A standard szolg\u00e1ltat\u00e1sok mellett k\u00fcl\u00f6nleges k\u00e9r\u00e9seket is teljes\u00edt\u00fcnk. Seg\u00edts\u00e9g\u00e9rt k\u00e9rj\u00fck, t\u00f6ltse ki a kapcsolatfelv\u00e9teli \u0171rlapot, vagy h\u00edvjon minket.<\/div>\n\n\n<style>#gspb_button-id-gsbp-833b225{display:flex;justify-content:flex-start;}#gspb_button-id-gsbp-833b225 .gspb-buttonbox-text{display:flex;flex-direction:column;}#gspb_button-id-gsbp-833b225 > .gspb-buttonbox{box-sizing:border-box}#gspb_button-id-gsbp-833b225 > .gspb-buttonbox{margin-top:46px;padding-top:5px;padding-bottom:5px;}#gspb_button-id-gsbp-833b225 > .gspb-buttonbox{background-color:#3283f3;}#gspb_button-id-gsbp-833b225 > .gspb-buttonbox:hover{background-color:#186bdf !important;}#gspb_button-id-gsbp-833b225 > .gspb-buttonbox{font-size:16px;}#gspb_button-id-gsbp-833b225 > .gspb-buttonbox,#gspb_button-id-gsbp-833b225 > .gspb-buttonbox a{text-decoration:none;}#gspb_button-id-gsbp-833b225 > .gspb-buttonbox{color:var(--wp--preset--color--contrastcolor,#fffffe);}#gspb_button-id-gsbp-833b225 > .gspb-buttonbox:hover{color:var(--wp--preset--color--textonprimary,#fffffd);}#gspb_button-id-gsbp-833b225 > .gspb-buttonbox{border-top-left-radius:8px;border-top-right-radius:8px;border-bottom-right-radius:8px;border-bottom-left-radius:8px;}#gspb_button-id-gsbp-833b225 > .gspb-buttonbox{border-color:#00000000;}#gspb_button-id-gsbp-833b225 > .gspb-buttonbox > .gspb_backgroundOverlay{border-top-left-radius:8px;border-top-right-radius:8px;border-bottom-right-radius:8px;border-bottom-left-radius:8px;}<\/style>\n<div class=\"gspb_button_wrapper gspb_button-id-gsbp-833b225\" id=\"gspb_button-id-gsbp-833b225\"><a class=\"wp-block-greenshift-blocks-buttonbox gspb-buttonbox wp-element-button\" href=\"https:\/\/lumitech.si\/hu\/egyeb-sorozaton-kivuli-kereslet\/\" rel=\"noopener\"><span class=\"gspb-buttonbox-textwrap\"><span class=\"gspb-buttonbox-text\"><span class=\"gspb-buttonbox-title\">Tov\u00e1bbi inform\u00e1ci\u00f3<\/span><\/span><\/span><\/a><\/div>\n<\/div>\n<\/div>\n<\/div>\n<\/div>\n <\/div><\/section>\n","protected":false},"excerpt":{"rendered":"","protected":false},"author":1,"featured_media":0,"parent":0,"menu_order":0,"comment_status":"closed","ping_status":"closed","template":"","meta":{"_gspb_post_css":"#gspb_row-id-gsbp-f7640b0{justify-content:space-between;margin-top:0;display:flex;flex-wrap:wrap;margin-bottom:0}#gspb_row-id-gsbp-f7640b0>.gspb_row__content{display:flex;justify-content:space-between;margin:0 auto;width:100%;flex-wrap:wrap}div[id^=gspb_col-id]{box-sizing:border-box;position:relative;padding:15px min(3vw,20px)}body.gspb-bodyfront #gspb_row-id-gsbp-f7640b0>.gspb_row__content{max-width:var(--wp--style--global--wide-size, 1200px)}#gspb_col-id-gsbp-0de55df.gspb_row__col--12{width:100%}@media (max-width:575.98px){#gspb_col-id-gsbp-0de55df.gspb_row__col--12{width:100%}}body #gspb_col-id-gsbp-0de55df.gspb_row__col--12,body #gspb_col-id-gsbp-ab790fe.gspb_row__col--12{display:flex;flex-direction:column;row-gap:50px}.gspb_container-id-gsbp-6d30337{flex-direction:column;box-sizing:border-box}#gspb_container-id-gsbp-0edfe3e.gspb_container>p:last-of-type,#gspb_container-id-gsbp-6d30337.gspb_container>p:last-of-type,#gspb_container-id-gsbp-858d888.gspb_container>p:last-of-type,#gspb_container-id-gsbp-b79c909.gspb_container>p:last-of-type,#gspb_container-id-gsbp-c42384b.gspb_container>p:last-of-type,#gspb_container-id-gsbp-de0d757.gspb_container>p:last-of-type,#gspb_container-id-gsbp-ee1016e.gspb_container>p:last-of-type,#gspb_container-id-gspb-ARdnYzArYQmvRhTLyZm4s.gspb_container>p:last-of-type,#gspb_container-id-gspb-Ah7_KF77aJHY-8WbaErtj.gspb_container>p:last-of-type,#gspb_container-id-gspb-Apy1vAyqxTxUXVySUS-Fp.gspb_container>p:last-of-type,#gspb_container-id-gspb-DqN-CQXvXzQy29WBIxviH.gspb_container>p:last-of-type,#gspb_container-id-gspb-fTCJ7Kp-Wx8AqBY6_h06K.gspb_container>p:last-of-type,#gspb_container-id-gspb-kJllk5cxBU7e6Tp723tk2.gspb_container>p:last-of-type{margin-bottom:0}#gspb_container-id-gsbp-6d30337.gspb_container{display:grid;grid-template-columns:repeat(3,minmax(0,1fr));row-gap:20px;column-gap:20px}@media (max-width:991.98px){#gspb_container-id-gsbp-6d30337.gspb_container{grid-template-columns:repeat(1,minmax(0,1fr))}}@media (max-width:575.98px){#gspb_container-id-gsbp-6d30337.gspb_container{grid-template-columns:repeat(1,minmax(0,1fr))}}#gspb_container-id-gsbp-de0d757.gspb_container{display:grid;grid-template-columns:repeat(3,minmax(0,1fr));row-gap:20px;column-gap:20px}@media (max-width:991.98px){#gspb_container-id-gsbp-de0d757.gspb_container{grid-template-columns:repeat(1,minmax(0,1fr))}}@media (max-width:575.98px){#gspb_container-id-gsbp-de0d757.gspb_container{grid-template-columns:repeat(1,minmax(0,1fr))}}body.gspb-bodyfront #gspb_container-id-gspb-Ah7_KF77aJHY-8WbaErtj.gspb_container,body.gspb-bodyfront #gspb_container-id-gspb-Apy1vAyqxTxUXVySUS-Fp.gspb_container,body.gspb-bodyfront #gspb_container-id-gspb-fTCJ7Kp-Wx8AqBY6_h06K.gspb_container{flex-grow:1}#gspb_container-id-gspb-Ah7_KF77aJHY-8WbaErtj.gspb_container{display:flex;flex-direction:column;justify-content:flex-start;align-items:flex-start;row-gap:40px;column-gap:40px;padding:48px}@media (max-width:991.98px){#gspb_container-id-gspb-Ah7_KF77aJHY-8WbaErtj.gspb_container{padding:32px}}@media (max-width:767.98px){#gspb_container-id-gspb-Ah7_KF77aJHY-8WbaErtj.gspb_container{padding:32px}}@media (max-width:575.98px){#gspb_container-id-gspb-Ah7_KF77aJHY-8WbaErtj.gspb_container{padding:24px}}#gspb_container-id-gspb-Ah7_KF77aJHY-8WbaErtj.gspb_container,#gspb_container-id-gspb-Ah7_KF77aJHY-8WbaErtj.gspb_container>.gspb_backgroundOverlay{border-top-left-radius:12px;border-top-right-radius:12px;border-bottom-right-radius:12px;border-bottom-left-radius:12px}#gspb_container-id-gspb-Ah7_KF77aJHY-8WbaErtj.gspb_container{background-color:#f6f6f6}#gspb_container-id-gspb-Ah7_KF77aJHY-8WbaErtj.gspb_container:hover{background-color:#f0f0f0!important}.gspb_container-id-gsbp-de0d757,.gspb_container-id-gspb-Ah7_KF77aJHY-8WbaErtj,.gspb_container-id-gspb-DqN-CQXvXzQy29WBIxviH{flex-direction:column;box-sizing:border-box}#gspb_container-id-gspb-DqN-CQXvXzQy29WBIxviH.gspb_container{display:flex;flex-direction:column;justify-content:flex-start;align-items:flex-start;row-gap:16px;column-gap:16px}#gspb_heading-id-gspb-Bqaue1ojGe2kbuN_3-bEf{margin:0;width:100%}.gspb_text-id-gspb-j3gIUlgPG_nlKXUbaqBJe{font-size:18px;line-height:28px;width:100%}#gspb_button-id-gsbp-4af7b7f{display:flex;justify-content:flex-start}#gspb_button-id-gsbp-4af7b7f .gspb-buttonbox-text{display:flex;flex-direction:column}#gspb_button-id-gsbp-4af7b7f>.gspb-buttonbox{box-sizing:border-box;margin-top:20px;padding-top:5px;padding-bottom:5px;background-color:#3283f3;font-size:16px;text-decoration:none;color:var(--wp--preset--color--contrastcolor, #fffffe);border-color:#00000000}#gspb_button-id-gsbp-4af7b7f>.gspb-buttonbox:hover{background-color:#186bdf!important;color:var(--wp--preset--color--textonprimary, #fffffd)}#gspb_button-id-gsbp-4af7b7f>.gspb-buttonbox a{text-decoration:none}#gspb_button-id-gsbp-4af7b7f>.gspb-buttonbox,#gspb_button-id-gsbp-4af7b7f>.gspb-buttonbox>.gspb_backgroundOverlay{border-top-left-radius:8px;border-top-right-radius:8px;border-bottom-right-radius:8px;border-bottom-left-radius:8px}#gspb_container-id-gspb-Apy1vAyqxTxUXVySUS-Fp.gspb_container{display:flex;flex-direction:column;justify-content:flex-start;align-items:flex-start;row-gap:40px;column-gap:40px;padding:48px}@media (max-width:991.98px){#gspb_container-id-gspb-Apy1vAyqxTxUXVySUS-Fp.gspb_container{padding:32px}}@media (max-width:767.98px){#gspb_container-id-gspb-Apy1vAyqxTxUXVySUS-Fp.gspb_container{padding:32px}}@media (max-width:575.98px){#gspb_container-id-gspb-Apy1vAyqxTxUXVySUS-Fp.gspb_container{padding:24px}}#gspb_container-id-gspb-Apy1vAyqxTxUXVySUS-Fp.gspb_container,#gspb_container-id-gspb-Apy1vAyqxTxUXVySUS-Fp.gspb_container>.gspb_backgroundOverlay{border-top-left-radius:12px;border-top-right-radius:12px;border-bottom-right-radius:12px;border-bottom-left-radius:12px}#gspb_container-id-gspb-Apy1vAyqxTxUXVySUS-Fp.gspb_container{background-color:#d9eaffe6}#gspb_container-id-gspb-Apy1vAyqxTxUXVySUS-Fp.gspb_container:hover{background-color:#bddbffe6!important}.gspb_container-id-gspb-Apy1vAyqxTxUXVySUS-Fp,.gspb_container-id-gspb-kJllk5cxBU7e6Tp723tk2{flex-direction:column;box-sizing:border-box}#gspb_container-id-gspb-kJllk5cxBU7e6Tp723tk2.gspb_container{display:flex;flex-direction:column;justify-content:flex-start;align-items:flex-start;row-gap:16px;column-gap:16px}#gspb_heading-id-gspb-B5NxZ78jTinckz9clx_sM{margin:0;width:100%}.gspb_text-id-gspb-2ly5_Qi7ljNyEwsuLvB_e{font-size:18px;line-height:28px;width:100%}#gspb_button-id-gsbp-8db6e3f{display:flex;justify-content:flex-start}#gspb_button-id-gsbp-8db6e3f .gspb-buttonbox-text{display:flex;flex-direction:column}#gspb_button-id-gsbp-8db6e3f>.gspb-buttonbox{box-sizing:border-box;margin-top:74px;padding-top:5px;padding-bottom:5px;background-color:#3283f3;font-size:16px;text-decoration:none;color:var(--wp--preset--color--contrastcolor, #fffffe);border-color:#00000000}#gspb_button-id-gsbp-8db6e3f>.gspb-buttonbox:hover{background-color:#186bdf!important;color:var(--wp--preset--color--textonprimary, #fffffd)}#gspb_button-id-gsbp-8db6e3f>.gspb-buttonbox,#gspb_button-id-gsbp-8db6e3f>.gspb-buttonbox>.gspb_backgroundOverlay{border-top-left-radius:8px;border-top-right-radius:8px;border-bottom-right-radius:8px;border-bottom-left-radius:8px}#gspb_container-id-gspb-fTCJ7Kp-Wx8AqBY6_h06K.gspb_container{display:flex;flex-direction:column;justify-content:flex-start;align-items:flex-start;row-gap:40px;column-gap:40px;padding:48px}@media (max-width:991.98px){#gspb_container-id-gspb-fTCJ7Kp-Wx8AqBY6_h06K.gspb_container{padding:32px}}@media (max-width:767.98px){#gspb_container-id-gspb-fTCJ7Kp-Wx8AqBY6_h06K.gspb_container{padding:32px}}@media (max-width:575.98px){#gspb_container-id-gspb-fTCJ7Kp-Wx8AqBY6_h06K.gspb_container{padding:24px}}#gspb_container-id-gspb-fTCJ7Kp-Wx8AqBY6_h06K.gspb_container,#gspb_container-id-gspb-fTCJ7Kp-Wx8AqBY6_h06K.gspb_container>.gspb_backgroundOverlay{border-top-left-radius:12px;border-top-right-radius:12px;border-bottom-right-radius:12px;border-bottom-left-radius:12px}#gspb_container-id-gspb-fTCJ7Kp-Wx8AqBY6_h06K.gspb_container{background-color:#f6f6f6}#gspb_container-id-gspb-fTCJ7Kp-Wx8AqBY6_h06K.gspb_container:hover{background-color:#f0f0f0!important}.gspb_container-id-gspb-ARdnYzArYQmvRhTLyZm4s,.gspb_container-id-gspb-fTCJ7Kp-Wx8AqBY6_h06K{flex-direction:column;box-sizing:border-box}#gspb_container-id-gspb-ARdnYzArYQmvRhTLyZm4s.gspb_container{display:flex;flex-direction:column;justify-content:flex-start;align-items:flex-start;row-gap:16px;column-gap:16px}#gspb_heading-id-gspb-kaz-4BgThFM8dJrgaATRh{margin:0;width:100%}.gspb_text-id-gspb-apT8ldln7SYm2ga2fF4f9{font-size:18px;line-height:28px;width:100%}#gspb_button-id-gsbp-e44c8be{display:flex;justify-content:flex-start}#gspb_button-id-gsbp-e44c8be .gspb-buttonbox-text{display:flex;flex-direction:column}#gspb_button-id-gsbp-e44c8be>.gspb-buttonbox{box-sizing:border-box;margin-top:20px;padding-top:5px;padding-bottom:5px;background-color:#3283f3;font-size:16px;text-decoration:none;color:var(--wp--preset--color--contrastcolor, #fffffe);border-color:#00000000}#gspb_button-id-gsbp-e44c8be>.gspb-buttonbox:hover{background-color:#186bdf!important;color:var(--wp--preset--color--textonprimary, #fffffd)}#gspb_button-id-gsbp-8db6e3f>.gspb-buttonbox a,#gspb_button-id-gsbp-e44c8be>.gspb-buttonbox a{text-decoration:none}#gspb_button-id-gsbp-e44c8be>.gspb-buttonbox,#gspb_button-id-gsbp-e44c8be>.gspb-buttonbox>.gspb_backgroundOverlay{border-top-left-radius:8px;border-top-right-radius:8px;border-bottom-right-radius:8px;border-bottom-left-radius:8px}#gspb_row-id-gsbp-9f79b1e{justify-content:space-between;margin-top:0;margin-bottom:0;display:flex;flex-wrap:wrap;padding-bottom:70px}#gspb_row-id-gsbp-9f79b1e>.gspb_row__content{display:flex;justify-content:space-between;margin:0 auto;width:100%;flex-wrap:wrap}.gspb_row{position:relative}body.gspb-bodyfront #gspb_row-id-gsbp-9f79b1e>.gspb_row__content{max-width:var(--wp--style--global--wide-size, 1200px)}#gspb_col-id-gsbp-ab790fe.gspb_row__col--12{width:100%}@media (max-width:575.98px){#gspb_col-id-gsbp-ab790fe.gspb_row__col--12{width:100%}}#gspb_container-id-gsbp-858d888.gspb_container{display:grid;grid-template-columns:repeat(3,minmax(0,1fr));row-gap:20px;column-gap:20px}@media (max-width:991.98px){#gspb_container-id-gsbp-858d888.gspb_container{grid-template-columns:repeat(1,minmax(0,1fr))}}@media (max-width:575.98px){#gspb_container-id-gsbp-858d888.gspb_container{grid-template-columns:repeat(1,minmax(0,1fr))}}body.gspb-bodyfront #gspb_container-id-gsbp-0edfe3e.gspb_container,body.gspb-bodyfront #gspb_container-id-gsbp-ee1016e.gspb_container{flex-grow:1}#gspb_container-id-gsbp-0edfe3e.gspb_container{display:flex;flex-direction:column;justify-content:flex-start;align-items:flex-start;row-gap:40px;column-gap:40px;padding:48px}@media (max-width:991.98px){#gspb_container-id-gsbp-0edfe3e.gspb_container{padding:32px}}@media (max-width:767.98px){#gspb_container-id-gsbp-0edfe3e.gspb_container{padding:32px}}@media (max-width:575.98px){#gspb_container-id-gsbp-0edfe3e.gspb_container{padding:24px}}#gspb_container-id-gsbp-0edfe3e.gspb_container,#gspb_container-id-gsbp-0edfe3e.gspb_container>.gspb_backgroundOverlay{border-top-left-radius:12px;border-top-right-radius:12px;border-bottom-right-radius:12px;border-bottom-left-radius:12px}#gspb_container-id-gsbp-0edfe3e.gspb_container{background-color:#d9eaffe6}.gspb_container-id-gsbp-0edfe3e,.gspb_container-id-gsbp-858d888,.gspb_container-id-gsbp-c42384b{flex-direction:column;box-sizing:border-box}#gspb_container-id-gsbp-c42384b.gspb_container{display:flex;flex-direction:column;justify-content:flex-start;align-items:flex-start;row-gap:16px;column-gap:16px}#gspb_heading-id-gsbp-56e3cab{margin:0;width:100%}.gspb_text-id-gsbp-ce9e6be{font-size:18px;line-height:28px;width:100%}#gspb_button-id-gsbp-ed63688{display:flex;justify-content:flex-start}#gspb_button-id-gsbp-ed63688 .gspb-buttonbox-text{display:flex;flex-direction:column}#gspb_button-id-gsbp-ed63688>.gspb-buttonbox{box-sizing:border-box;margin-top:20px;padding-top:5px;padding-bottom:5px;background-color:#3283f3;font-size:16px;text-decoration:none;color:var(--wp--preset--color--contrastcolor, #fffffe);border-color:#00000000}#gspb_button-id-gsbp-ed63688>.gspb-buttonbox:hover{background-color:#186bdf!important;color:var(--wp--preset--color--textonprimary, #fffffd)}#gspb_button-id-gsbp-ed63688>.gspb-buttonbox,#gspb_button-id-gsbp-ed63688>.gspb-buttonbox>.gspb_backgroundOverlay{border-top-left-radius:8px;border-top-right-radius:8px;border-bottom-right-radius:8px;border-bottom-left-radius:8px}#gspb_container-id-gsbp-ee1016e.gspb_container{display:flex;flex-direction:column;justify-content:flex-start;align-items:flex-start;row-gap:40px;column-gap:40px;padding:48px}@media (max-width:991.98px){#gspb_container-id-gsbp-ee1016e.gspb_container{padding:32px}}@media (max-width:767.98px){#gspb_container-id-gsbp-ee1016e.gspb_container{padding:32px}}@media (max-width:575.98px){#gspb_container-id-gsbp-ee1016e.gspb_container{padding:24px}}#gspb_container-id-gsbp-ee1016e.gspb_container,#gspb_container-id-gsbp-ee1016e.gspb_container>.gspb_backgroundOverlay{border-top-left-radius:12px;border-top-right-radius:12px;border-bottom-right-radius:12px;border-bottom-left-radius:12px}#gspb_container-id-gsbp-ee1016e.gspb_container{background-color:#f6f6f6}#gspb_container-id-gsbp-ee1016e.gspb_container:hover{background-color:#f0f0f0!important}.gspb_container-id-gsbp-b79c909,.gspb_container-id-gsbp-ee1016e{flex-direction:column;box-sizing:border-box}.gspb_container{position:relative}#gspb_container-id-gsbp-b79c909.gspb_container{display:flex;flex-direction:column;justify-content:flex-start;align-items:flex-start;row-gap:16px;column-gap:16px}#gspb_heading-id-gsbp-c86d4bf{margin:0;width:100%}.gspb_text-id-gsbp-6cd5a10{font-size:18px;line-height:28px;width:100%}#gspb_button-id-gsbp-833b225{display:flex;justify-content:flex-start}#gspb_button-id-gsbp-833b225 .gspb-buttonbox-text{display:flex;flex-direction:column}#gspb_button-id-gsbp-833b225>.gspb-buttonbox{box-sizing:border-box;margin-top:46px;padding-top:5px;padding-bottom:5px;background-color:#3283f3;font-size:16px;text-decoration:none;color:var(--wp--preset--color--contrastcolor, #fffffe);border-color:#00000000}#gspb_button-id-gsbp-833b225>.gspb-buttonbox:hover{background-color:#186bdf!important;color:var(--wp--preset--color--textonprimary, #fffffd)}#gspb_button-id-gsbp-833b225>.gspb-buttonbox a,#gspb_button-id-gsbp-ed63688>.gspb-buttonbox a{text-decoration:none}#gspb_button-id-gsbp-833b225>.gspb-buttonbox,#gspb_button-id-gsbp-833b225>.gspb-buttonbox>.gspb_backgroundOverlay{border-top-left-radius:8px;border-top-right-radius:8px;border-bottom-right-radius:8px;border-bottom-left-radius:8px}","footnotes":""},"class_list":["post-4571","page","type-page","status-publish","hentry"],"_links":{"self":[{"href":"https:\/\/lumitech.si\/hu\/wp-json\/wp\/v2\/pages\/4571","targetHints":{"allow":["GET"]}}],"collection":[{"href":"https:\/\/lumitech.si\/hu\/wp-json\/wp\/v2\/pages"}],"about":[{"href":"https:\/\/lumitech.si\/hu\/wp-json\/wp\/v2\/types\/page"}],"author":[{"embeddable":true,"href":"https:\/\/lumitech.si\/hu\/wp-json\/wp\/v2\/users\/1"}],"replies":[{"embeddable":true,"href":"https:\/\/lumitech.si\/hu\/wp-json\/wp\/v2\/comments?post=4571"}],"version-history":[{"count":2,"href":"https:\/\/lumitech.si\/hu\/wp-json\/wp\/v2\/pages\/4571\/revisions"}],"predecessor-version":[{"id":4596,"href":"https:\/\/lumitech.si\/hu\/wp-json\/wp\/v2\/pages\/4571\/revisions\/4596"}],"wp:attachment":[{"href":"https:\/\/lumitech.si\/hu\/wp-json\/wp\/v2\/media?parent=4571"}],"curies":[{"name":"wp","href":"https:\/\/api.w.org\/{rel}","templated":true}]}}