{"id":4116,"date":"2024-05-18T16:51:34","date_gmt":"2024-05-18T16:51:34","guid":{"rendered":"https:\/\/lumitech.si\/o-nama\/"},"modified":"2026-03-18T18:54:55","modified_gmt":"2026-03-18T18:54:55","slug":"o-nama","status":"publish","type":"page","link":"https:\/\/lumitech.si\/hr\/o-nama\/","title":{"rendered":"O nama"},"content":{"rendered":"\n<div class=\"wp-block-greenshift-blocks-row alignwide gspb_row gspb_row-id-gsbp-e952bc0\" id=\"gspb_row-id-gsbp-e952bc0\"><div class=\"gspb_row__content\">  <\/div><\/div>\n\n<div class=\"wp-block-greenshift-blocks-row alignwide gspb_row gspb_row-id-gsbp-107231b\" id=\"gspb_row-id-gsbp-107231b\"><div class=\"gspb_row__content\"> \n<div class=\"wp-block-greenshift-blocks-row-column gspb_row__col--6 gspb_col-id-gsbp-a5260d9\" id=\"gspb_col-id-gsbp-a5260d9\">\n<div class=\"wp-block-greenshift-blocks-container gspb_container gspb_container-gsbp-9b8df7fd-e25f\" id=\"gspb_container-id-gsbp-9b8df7fd-e25f\">\n<h2 id=\"gspb_heading-id-gsbp-b29e3362-0392\" class=\"gspb_heading gspb_heading-id-gsbp-b29e3362-0392 \">Visokokvalitetna i pouzdana Lumitech usluga<\/h2>\n\n\n\n<div id=\"gspb_text-id-gsbp-2026f889-0a6e\" class=\"gspb_text gspb_text-id-gsbp-2026f889-0a6e \">Lumitech doo specijaliziran je za servis i prodaju industrijske opreme, kao \u0161to su puhala, pumpe i elektromotori.  <br\/><br\/>S vi\u0161e od 15 godina iskustva, posve\u0107eni smo pru\u017eanju sveobuhvatnih usluga popravka za razne marke, uklju\u010duju\u0107i dijagnostiku i mehani\u010dke popravke.  <br\/><br\/>Slu\u017ebeni smo prodajni i servisni partner renomiranih tvrtki EUROVACUUM, AXIS i CALPEDA u Sloveniji.<\/div>\n<\/div>\n<\/div>\n\n\n\n<div class=\"wp-block-greenshift-blocks-row-column gspb_row__col--6 gspb_col-id-gsbp-4b0fb02\" id=\"gspb_col-id-gsbp-4b0fb02\">\n<div class=\"wp-block-greenshift-blocks-image gspb_image gspb_image-id-gsbp-3c1718f\" id=\"gspb_image-id-gsbp-3c1718f\"><img decoding=\"async\" src=\"https:\/\/lumitech.si\/wp-content\/uploads\/2024\/07\/elektromotor-scaled.jpg\" data-src=\"\" alt=\"\" loading=\"lazy\" width=\"2560\" height=\"1280\"><\/div>\n<\/div>\n <\/div><\/div>\n\n<div class=\"wp-block-greenshift-blocks-row alignwide gspb_row gspb_row-id-gsbp-cf0f373\" id=\"gspb_row-id-gsbp-cf0f373\"><div class=\"gspb_row__content\"> \n<div class=\"wp-block-greenshift-blocks-row-column gspb_row__col--12 gspb_col-id-gsbp-96076ed\" id=\"gspb_col-id-gsbp-96076ed\">\n<div id=\"gspb_text-id-gsbp-32740e6\" class=\"gspb_text gspb_text-id-gsbp-32740e6 \">Ponosni smo na na\u0161 tim koji osigurava vrhunske popravke, pravovremenu isporuku i detaljna izvje\u0161\u0107a, pru\u017eaju\u0107i na\u0161im klijentima transparentne i u\u010dinkovite usluge.  <br\/><br\/>Usredoto\u010deni smo na zadovoljstvo svakog klijenta, nude\u0107i individualne savjete i rje\u0161enja prilago\u0111ena specifi\u010dnim potrebama.  <br\/>Na\u0161a postignu\u0107a uklju\u010duju brojne uspje\u0161no zavr\u0161ene projekte i iznimno pozitivne odzive zadovoljnih klijenata koji cijene na\u0161u profesionalnost i predanost.<\/div>\n<\/div>\n <\/div><\/div>\n\n<div class=\"wp-block-greenshift-blocks-row alignwide gspb_row gspb_row-id-gsbp-5dd2178b-e157\" id=\"gspb_row-id-gsbp-5dd2178b-e157\"><div class=\"gspb_row__content\"> \n<div class=\"wp-block-greenshift-blocks-row-column gspb_row__col--2 gspb_row__col--md-4 gspb_row__col--sm-12 gspb_col-id-gsbp-9a9d67b9-d30c\" id=\"gspb_col-id-gsbp-9a9d67b9-d30c\">\n<div class=\"wp-block-greenshift-blocks-iconbox gspb_iconBox gspb_iconBox-id-gsbp-78c9e59\" id=\"gspb_iconBox-id-gsbp-78c9e59\"><div class=\"gspb_iconBox__wrapper\" style=\"display:inline-flex\"><svg xmlns=\"http:\/\/www.w3.org\/2000\/svg\" class=\"\" style=\"display:inline-block;vertical-align:middle\" width=\"72\" height=\"72\" viewbox=\"0 0 1280 1024\"><path style=\"fill:#565D66\" d=\"M1072 960h-864c-8.8 0-16 7.2-16 16v32c0 8.8 7.2 16 16 16h864c8.8 0 16-7.2 16-16v-32c0-8.8-7.2-16-16-16zM1168 320c-61.8 0-112 50.2-112 112 0 15.2 3 29.6 8.6 42.8l-112.6 67.6c-10.4 6.2-21.6 9.2-32.8 9.2-22.2 0-43.8-11.6-55.6-32.2l-148.8-260.4c22.6-20.6 37.2-50 37.2-83 0-61.8-50.2-112-112-112s-112 50.2-112 112c0 33 14.6 62.4 37.2 82.8l-148.8 260.4c-11.8 20.8-33.4 32.2-55.6 32.2-11.2 0-22.6-3-32.8-9.2l-112.6-67.6c5.4-13.2 8.6-27.6 8.6-42.8 0-61.8-50.2-112-112-112s-112 50.4-112 112.2 50.2 112 112 112c4 0 7.8-0.8 11.6-1.2l132.4 353.2h768l132.4-353.2c3.8 0.4 7.6 1.2 11.6 1.2 61.8 0 112-50.2 112-112s-50.2-112-112-112zM640 128c26.4 0 48 21.6 48 48s-21.6 48-48 48-48-21.6-48-48 21.6-48 48-48zM112 480c-26.4 0-48-21.6-48-48s21.6-48 48-48 48 21.6 48 48-21.6 48-48 48zM979.6 832h-679.2l-112-298.8 106.8 64c20 12 42.6 18.2 65.8 18.2 45.8 0 88.4-24.8 111.2-64.6l151.2-264.6c5.6 0.8 11 1.6 16.8 1.6s11.2-0.8 16.8-1.6l151 264.8c22.8 39.8 65.4 64.4 111.2 64.4 23.2 0 45.8-6.4 65.8-18.2l106.8-64-112.2 298.8zM1168 480c-26.4 0-48-21.6-48-48s21.6-48 48-48 48 21.6 48 48-21.6 48-48 48z\"><\/path><\/svg><\/div><\/div>\n\n\n\n<h3 id=\"gspb_heading-id-gsbp-90b253c1-6b64\" class=\"gspb_heading gspb_heading-id-gsbp-90b253c1-6b64 \">Bogato iskustvo<\/h3>\n\n\n\n<div id=\"gspb_text-id-gsbp-4fa03f4b-9ccd\" class=\"gspb_text gspb_text-id-gsbp-4fa03f4b-9ccd \">S precizno\u0161\u0107u i profesionalno\u0161\u0107u pru\u017eamo kvalitetna rje\u0161enja i produ\u017eujemo vijek trajanja va\u0161ih motora.<br\/><\/div>\n<\/div>\n\n\n\n<div class=\"wp-block-greenshift-blocks-row-column gspb_row__col--2 gspb_row__col--md-4 gspb_row__col--sm-12 gspb_col-id-gsbp-ada7fd21-795c\" id=\"gspb_col-id-gsbp-ada7fd21-795c\">\n<div class=\"wp-block-greenshift-blocks-iconbox gspb_iconBox gspb_iconBox-id-gsbp-19cddfd\" id=\"gspb_iconBox-id-gsbp-19cddfd\"><div class=\"gspb_iconBox__wrapper\" style=\"display:inline-flex\"><svg xmlns=\"http:\/\/www.w3.org\/2000\/svg\" class=\"\" style=\"display:inline-block;vertical-align:middle\" width=\"72\" height=\"72\" viewbox=\"0 0 1024 1024\"><path style=\"fill:#565D66\" d=\"M512 16c-273.934 0-496 222.066-496 496s222.066 496 496 496 496-222.066 496-496-222.066-496-496-496zM512 112c221.064 0 400 178.902 400 400 0 221.064-178.902 400-400 400-221.064 0-400-178.902-400-400 0-221.064 178.902-400 400-400zM792.408 372.534l-45.072-45.436c-9.334-9.41-24.53-9.472-33.94-0.136l-282.704 280.432-119.584-120.554c-9.334-9.41-24.53-9.472-33.94-0.138l-45.438 45.072c-9.41 9.334-9.472 24.53-0.136 33.942l181.562 183.032c9.334 9.41 24.53 9.472 33.94 0.136l345.178-342.408c9.408-9.336 9.468-24.532 0.134-33.942z\"><\/path><\/svg><\/div><\/div>\n\n\n\n<h3 id=\"gspb_heading-id-gsbp-d2efe9d5-5c58\" class=\"gspb_heading gspb_heading-id-gsbp-d2efe9d5-5c58 \">Sveobuhvatna rje\u0161enja<\/h3>\n\n\n\n<div id=\"gspb_text-id-gsbp-37c385d8-56c7\" class=\"gspb_text gspb_text-id-gsbp-37c385d8-56c7 \">Nudimo vam kompletno rje\u0161enje, od savjetovanja do popravaka u na\u0161im prostorijama ili na terenu.<\/div>\n<\/div>\n\n\n\n<div class=\"wp-block-greenshift-blocks-row-column gspb_row__col--2 gspb_row__col--md-4 gspb_row__col--sm-12 gspb_col-id-gsbp-bdccc2fd-ad7d\" id=\"gspb_col-id-gsbp-bdccc2fd-ad7d\">\n<div class=\"wp-block-greenshift-blocks-iconbox gspb_iconBox gspb_iconBox-id-gsbp-81a35fc\" id=\"gspb_iconBox-id-gsbp-81a35fc\"><div class=\"gspb_iconBox__wrapper\" style=\"display:inline-flex\"><svg xmlns=\"http:\/\/www.w3.org\/2000\/svg\" class=\"\" style=\"display:inline-block;vertical-align:middle\" width=\"72\" height=\"72\" viewbox=\"0 0 1024 1024\"><path style=\"fill:#565D66\" d=\"M874.040 661.96c-55.766-55.764-122.142-97.046-194.562-122.036 77.564-53.422 128.522-142.828 128.522-243.924 0-163.214-132.786-296-296-296s-296 132.786-296 296c0 101.096 50.958 190.502 128.524 243.924-72.42 24.99-138.796 66.272-194.562 122.036-96.704 96.706-149.962 225.28-149.962 362.040h80c0-238.206 193.794-432 432-432s432 193.794 432 432h80c0-136.76-53.258-265.334-149.96-362.040zM512 512c-119.102 0-216-96.896-216-216s96.898-216 216-216c119.102 0 216 96.896 216 216s-96.898 216-216 216z\"><\/path><\/svg><\/div><\/div>\n\n\n\n<h3 id=\"gspb_heading-id-gsbp-54e36008-297b\" class=\"gspb_heading gspb_heading-id-gsbp-54e36008-297b \">Individualni tretman<\/h3>\n\n\n\n<div id=\"gspb_text-id-gsbp-559491bc-d03b\" class=\"gspb_text gspb_text-id-gsbp-559491bc-d03b \">Svaki klijent je va\u017ean dio na\u0161eg poslovanja, zbog \u010dega vam nudimo individualne konzultacije.<\/div>\n<\/div>\n <\/div><\/div>\n","protected":false},"excerpt":{"rendered":"","protected":false},"author":1,"featured_media":0,"parent":0,"menu_order":0,"comment_status":"closed","ping_status":"closed","template":"","meta":{"_gspb_post_css":"#gspb_row-id-gsbp-e952bc0{justify-content:space-between;margin-top:0;display:flex;flex-wrap:wrap;margin-bottom:76px}#gspb_row-id-gsbp-107231b>.gspb_row__content,#gspb_row-id-gsbp-e952bc0>.gspb_row__content{display:flex;justify-content:space-between;margin:0 auto;width:100%;flex-wrap:wrap}div[id^=gspb_col-id]{box-sizing:border-box;position:relative;padding:15px min(3vw,20px)}body.gspb-bodyfront #gspb_row-id-gsbp-107231b>.gspb_row__content,body.gspb-bodyfront #gspb_row-id-gsbp-e952bc0>.gspb_row__content{max-width:var(--wp--style--global--wide-size, 1200px)}@media (max-width:575.98px){#gspb_row-id-gsbp-e952bc0{margin-bottom:0}}#gspb_row-id-gsbp-107231b{justify-content:space-between;margin-top:0;margin-bottom:0;display:flex;flex-wrap:wrap}#gspb_col-id-gsbp-a5260d9.gspb_row__col--6{width:50%}@media (max-width:575.98px){#gspb_col-id-gsbp-a5260d9.gspb_row__col--6{width:100%}}.gspb_container-id-gsbp-9b8df7fd-e25f{flex-direction:column;box-sizing:border-box}#gspb_container-id-gsbp-9b8df7fd-e25f.gspb_container>p:last-of-type{margin-bottom:0}#gspb_container-id-gsbp-9b8df7fd-e25f.gspb_container{position:relative}#gspb_heading-id-gsbp-b29e3362-0392{font-family:TitilliumWeb-Regular,sans-serif;font-size:32px;line-height:3.5rem}@media (max-width:991.98px){#gspb_heading-id-gsbp-b29e3362-0392{font-size:2.25rem;line-height:2.5rem}}@media (max-width:575.98px){#gspb_heading-id-gsbp-b29e3362-0392{font-size:1.9rem;line-height:2.25rem}}#gspb_heading-id-gsbp-b29e3362-0392{letter-spacing:-.01em}@media (max-width:991.98px){#gspb_heading-id-gsbp-b29e3362-0392{letter-spacing:-.015em}}#gspb_heading-id-gsbp-b29e3362-0392{font-weight:400!important;color:#0f172a;margin-top:0}@media (max-width:575.98px){#gspb_heading-id-gsbp-b29e3362-0392{margin-top:100px}}.gspb_text-id-gsbp-2026f889-0a6e{font-size:1.2rem;line-height:2rem}@media (max-width:991.98px){.gspb_text-id-gsbp-2026f889-0a6e{font-size:1.1rem}}@media (max-width:575.98px){.gspb_text-id-gsbp-2026f889-0a6e{font-size:1.1rem;line-height:1.9rem}}.gspb_text-id-gsbp-2026f889-0a6e{color:#303030;margin-top:1.5rem!important;padding-right:3rem!important}@media (max-width:991.98px){.gspb_text-id-gsbp-2026f889-0a6e{margin-top:1rem!important}}#gspb_col-id-gsbp-4b0fb02.gspb_row__col--6{width:50%}@media (max-width:575.98px){#gspb_col-id-gsbp-4b0fb02.gspb_row__col--6{width:100%}}body #gspb_col-id-gsbp-4b0fb02.gspb_row__col--6{display:flex;align-items:center}#gspb_image-id-gsbp-3c1718f img{object-fit:cover;vertical-align:top;display:inline-block;box-sizing:border-box;max-width:100%;height:auto}#gspb_image-id-gsbp-3c1718f{margin-top:36px}#gspb_row-id-gsbp-5dd2178b-e157{justify-content:space-between;margin-bottom:0;display:flex;flex-wrap:wrap;margin-top:0;transition:all .5s cubic-bezier(.42,0,.58,1);transform:translateY(-50px)}#gspb_row-id-gsbp-5dd2178b-e157>.gspb_row__content{display:flex;justify-content:space-between;margin:0 auto;width:100%;flex-wrap:wrap;max-width:1800px}#gspb_col-id-gsbp-9a9d67b9-d30c.gspb_row__col--2{width:16.666666666666668%}@media (max-width:991.98px){#gspb_col-id-gsbp-9a9d67b9-d30c.gspb_row__col--2{width:33.333333333333336%}}@media (max-width:767.98px){#gspb_col-id-gsbp-9a9d67b9-d30c.gspb_row__col--2{width:100%}}@media (max-width:575.98px){#gspb_col-id-gsbp-9a9d67b9-d30c.gspb_row__col--2{width:100%}}@media (min-width:992px){body.gspb-bodyfront #gspb_col-id-gsbp-9a9d67b9-d30c.gspb_row__col--2{width:calc(30% - 0px - 0px)}}.gspb_row #gspb_col-id-gsbp-9a9d67b9-d30c.gspb_row__col--2{padding:100px 50px 50px}@media (max-width:991.98px){.gspb_row #gspb_col-id-gsbp-9a9d67b9-d30c.gspb_row__col--2{padding:50px}}@media (max-width:575.98px){.gspb_row #gspb_col-id-gsbp-9a9d67b9-d30c.gspb_row__col--2{padding:30px}}#gspb_col-id-gsbp-9a9d67b9-d30c.gspb_row__col--2{border-bottom-style:null;border-bottom-width:nullpx}@media (max-width:991.98px){#gspb_col-id-gsbp-9a9d67b9-d30c.gspb_row__col--2{border-bottom-style:null;border-bottom-width:nullpx}}@media (max-width:767.98px){#gspb_col-id-gsbp-9a9d67b9-d30c.gspb_row__col--2{border-bottom-style:null;border-bottom-width:nullpx}}@media (max-width:575.98px){#gspb_col-id-gsbp-9a9d67b9-d30c.gspb_row__col--2{border-bottom-style:solid;border-bottom-width:1px;border-bottom-color:var(--wp--preset--color--lightborder, #cecece6b)}}#gspb_iconBox-id-gsbp-78c9e59 svg{height:48px!important;width:48px!important;min-width:48px!important;margin:0!important}#gspb_iconBox-id-gsbp-78c9e59{justify-content:center;display:flex}#gspb_iconBox-id-gsbp-78c9e59 svg,#gspb_iconBox-id-gsbp-78c9e59 svg path{fill:var(--wp--preset--color--primary, #0047ab)!important}#gspb_iconBox-id-gsbp-19cddfd svg:hover,#gspb_iconBox-id-gsbp-19cddfd svg:hover path,#gspb_iconBox-id-gsbp-78c9e59 svg:hover,#gspb_iconBox-id-gsbp-78c9e59 svg:hover path,#gspb_iconBox-id-gsbp-81a35fc svg:hover,#gspb_iconBox-id-gsbp-81a35fc svg:hover path{fill:currentColor!important}#gspb_heading-id-gsbp-90b253c1-6b64{font-family:TitilliumWeb-Regular,sans-serif;font-size:24px;text-align:center!important}#gspb_heading-id-gsbp-90b253c1-6b64 .gsap-g-line{text-align:center!important}@media (max-width:575.98px){#gspb_heading-id-gsbp-90b253c1-6b64,#gspb_heading-id-gsbp-90b253c1-6b64 .gsap-g-line{text-align:center!important}}#gspb_heading-id-gsbp-90b253c1-6b64{font-weight:600!important;margin-top:23px}.gspb_text-id-gsbp-4fa03f4b-9ccd{font-size:16px;text-align:center!important}.gspb_text-id-gsbp-4fa03f4b-9ccd .gsap-g-line{text-align:center!important}@media (max-width:575.98px){.gspb_text-id-gsbp-4fa03f4b-9ccd,.gspb_text-id-gsbp-4fa03f4b-9ccd .gsap-g-line{text-align:center!important}}.gspb_text-id-gsbp-4fa03f4b-9ccd{font-weight:400!important;color:#464646;margin-top:0!important}#gspb_col-id-gsbp-ada7fd21-795c.gspb_row__col--2{width:16.666666666666668%}@media (max-width:991.98px){#gspb_col-id-gsbp-ada7fd21-795c.gspb_row__col--2{width:33.333333333333336%}}@media (max-width:767.98px){#gspb_col-id-gsbp-ada7fd21-795c.gspb_row__col--2{width:100%}}@media (max-width:575.98px){#gspb_col-id-gsbp-ada7fd21-795c.gspb_row__col--2{width:100%}}@media (min-width:992px){body.gspb-bodyfront #gspb_col-id-gsbp-ada7fd21-795c.gspb_row__col--2{width:calc(30% - 0px - 0px)}}.gspb_row #gspb_col-id-gsbp-ada7fd21-795c.gspb_row__col--2{padding:100px 50px 50px}@media (max-width:991.98px){.gspb_row #gspb_col-id-gsbp-ada7fd21-795c.gspb_row__col--2{padding:50px}}@media (max-width:575.98px){.gspb_row #gspb_col-id-gsbp-ada7fd21-795c.gspb_row__col--2{padding:30px}}#gspb_col-id-gsbp-ada7fd21-795c.gspb_row__col--2{border-bottom-style:null;border-bottom-width:nullpx}@media (max-width:991.98px){#gspb_col-id-gsbp-ada7fd21-795c.gspb_row__col--2{border-bottom-style:null;border-bottom-width:nullpx}}@media (max-width:767.98px){#gspb_col-id-gsbp-ada7fd21-795c.gspb_row__col--2{border-bottom-style:null;border-bottom-width:nullpx}}@media (max-width:575.98px){#gspb_col-id-gsbp-ada7fd21-795c.gspb_row__col--2{border-bottom-style:solid;border-bottom-width:1px;border-bottom-color:var(--wp--preset--color--lightborder, #cecece6b)}}#gspb_iconBox-id-gsbp-19cddfd{justify-content:center;display:flex}#gspb_iconBox-id-gsbp-19cddfd svg,#gspb_iconBox-id-gsbp-19cddfd svg path{fill:var(--wp--preset--color--primary, #0047ab)!important}#gspb_iconBox-id-gsbp-19cddfd .gspb_iconBox__wrapper{margin-bottom:0}#gspb_heading-id-gsbp-d2efe9d5-5c58{font-size:24px;text-align:center!important}#gspb_heading-id-gsbp-d2efe9d5-5c58 .gsap-g-line{text-align:center!important}@media (max-width:575.98px){#gspb_heading-id-gsbp-d2efe9d5-5c58,#gspb_heading-id-gsbp-d2efe9d5-5c58 .gsap-g-line{text-align:center!important}}#gspb_heading-id-gsbp-d2efe9d5-5c58{font-weight:600!important}.gspb_text-id-gsbp-37c385d8-56c7{font-size:16px;text-align:center!important}.gspb_text-id-gsbp-37c385d8-56c7 .gsap-g-line{text-align:center!important}@media (max-width:575.98px){.gspb_text-id-gsbp-37c385d8-56c7,.gspb_text-id-gsbp-37c385d8-56c7 .gsap-g-line{text-align:center!important}}.gspb_text-id-gsbp-37c385d8-56c7{font-weight:400!important;color:#464646;margin-top:0!important}#gspb_col-id-gsbp-bdccc2fd-ad7d.gspb_row__col--2{width:16.666666666666668%}@media (max-width:991.98px){#gspb_col-id-gsbp-bdccc2fd-ad7d.gspb_row__col--2{width:33.333333333333336%}}@media (max-width:767.98px){#gspb_col-id-gsbp-bdccc2fd-ad7d.gspb_row__col--2{width:100%}}@media (max-width:575.98px){#gspb_col-id-gsbp-bdccc2fd-ad7d.gspb_row__col--2{width:100%}}@media (min-width:992px){body.gspb-bodyfront #gspb_col-id-gsbp-bdccc2fd-ad7d.gspb_row__col--2{width:calc(30% - 0px - 0px)}}.gspb_row #gspb_col-id-gsbp-bdccc2fd-ad7d.gspb_row__col--2{padding:100px 50px 50px}@media (max-width:991.98px){.gspb_row #gspb_col-id-gsbp-bdccc2fd-ad7d.gspb_row__col--2{padding:50px}}@media (max-width:575.98px){.gspb_row #gspb_col-id-gsbp-bdccc2fd-ad7d.gspb_row__col--2{padding:30px}}#gspb_col-id-gsbp-bdccc2fd-ad7d.gspb_row__col--2,#gspb_col-id-gsbp-bdccc2fd-ad7d.gspb_row__col--2>.gspb_backgroundOverlay{border-top-right-radius:20px}#gspb_iconBox-id-gsbp-19cddfd svg,#gspb_iconBox-id-gsbp-81a35fc svg{height:42px!important;width:42px!important;min-width:42px!important;margin:0!important}#gspb_iconBox-id-gsbp-81a35fc{justify-content:center;display:flex}#gspb_iconBox-id-gsbp-81a35fc svg,#gspb_iconBox-id-gsbp-81a35fc svg path{fill:var(--wp--preset--color--primary, #0047ab)!important}#gspb_heading-id-gsbp-54e36008-297b{font-size:24px;text-align:center!important}#gspb_heading-id-gsbp-54e36008-297b .gsap-g-line{text-align:center!important}@media (max-width:575.98px){#gspb_heading-id-gsbp-54e36008-297b,#gspb_heading-id-gsbp-54e36008-297b .gsap-g-line{text-align:center!important}}#gspb_heading-id-gsbp-54e36008-297b{font-weight:600!important}.gspb_text-id-gsbp-559491bc-d03b{font-size:16px;text-align:center!important}.gspb_text-id-gsbp-559491bc-d03b .gsap-g-line{text-align:center!important}@media (max-width:575.98px){.gspb_text-id-gsbp-559491bc-d03b,.gspb_text-id-gsbp-559491bc-d03b .gsap-g-line{text-align:center!important}}.gspb_text-id-gsbp-559491bc-d03b{font-weight:400!important;color:#464646;margin-top:0!important}#gspb_row-id-gsbp-cf0f373{justify-content:space-between;margin-top:0;display:flex;flex-wrap:wrap;margin-bottom:32px}#gspb_row-id-gsbp-cf0f373>.gspb_row__content{display:flex;justify-content:space-between;margin:0 auto;width:100%;flex-wrap:wrap}.gspb_row{position:relative}body.gspb-bodyfront #gspb_row-id-gsbp-cf0f373>.gspb_row__content{max-width:var(--wp--style--global--wide-size, 1200px)}#gspb_col-id-gsbp-96076ed.gspb_row__col--12{width:100%}@media (max-width:575.98px){#gspb_col-id-gsbp-96076ed.gspb_row__col--12{width:100%}}.gspb_text-id-gsbp-32740e6{font-size:17px}@media (max-width:575.98px){.gspb_text-id-gsbp-32740e6{font-size:17px}}.gspb_text-id-gsbp-32740e6{margin-top:50px!important;padding:10px!important;border-top-left-radius:1px;border-top-right-radius:1px;border-bottom-right-radius:1px;border-bottom-left-radius:1px;border-left-style:solid;border-left-width:3px;border-left-color:#227cfa;background-color:#f5f5f5}","footnotes":""},"class_list":["post-4116","page","type-page","status-publish","hentry"],"_links":{"self":[{"href":"https:\/\/lumitech.si\/hr\/wp-json\/wp\/v2\/pages\/4116","targetHints":{"allow":["GET"]}}],"collection":[{"href":"https:\/\/lumitech.si\/hr\/wp-json\/wp\/v2\/pages"}],"about":[{"href":"https:\/\/lumitech.si\/hr\/wp-json\/wp\/v2\/types\/page"}],"author":[{"embeddable":true,"href":"https:\/\/lumitech.si\/hr\/wp-json\/wp\/v2\/users\/1"}],"replies":[{"embeddable":true,"href":"https:\/\/lumitech.si\/hr\/wp-json\/wp\/v2\/comments?post=4116"}],"version-history":[{"count":5,"href":"https:\/\/lumitech.si\/hr\/wp-json\/wp\/v2\/pages\/4116\/revisions"}],"predecessor-version":[{"id":4255,"href":"https:\/\/lumitech.si\/hr\/wp-json\/wp\/v2\/pages\/4116\/revisions\/4255"}],"wp:attachment":[{"href":"https:\/\/lumitech.si\/hr\/wp-json\/wp\/v2\/media?parent=4116"}],"curies":[{"name":"wp","href":"https:\/\/api.w.org\/{rel}","templated":true}]}}