{"id":4101,"date":"2024-09-19T15:48:58","date_gmt":"2024-09-19T15:48:58","guid":{"rendered":"https:\/\/lumitech.si\/pravila-o-kolacicima\/"},"modified":"2026-03-18T18:55:02","modified_gmt":"2026-03-18T18:55:02","slug":"pravila-o-kolacicima","status":"publish","type":"page","link":"https:\/\/lumitech.si\/hr\/pravila-o-kolacicima\/","title":{"rendered":"Pravila o kola\u010di\u0107ima"},"content":{"rendered":"\n<div class=\"wp-block-greenshift-blocks-row alignwide gspb_row gspb_row-id-gsbp-37940c8\" id=\"gspb_row-id-gsbp-37940c8\"><div class=\"gspb_row__content\"> \n<div class=\"wp-block-greenshift-blocks-row-column gspb_row__col--12 gspb_col-id-gsbp-87b55c9\" id=\"gspb_col-id-gsbp-87b55c9\">\n<style>\n    a.cky-banner-element {\n        padding: 8px 15px;\n        background: #F8F9FA;\n        color: #858A8F;\n        border: 1px solid #DEE2E6;\n        box-sizing: border-box;\n        border-radius: 2px;\n        cursor: pointer;\n}\n<\/style>\n<h1 class=\"cookie-policy-h1\">Pravila o kola\u010di\u0107ima<\/h1>\n\n<h5>\u0160to su kola\u010di\u0107i?<\/h5>\n<div class=\"cookie-policy-p\"><p>Ova Pravila o kola\u010di\u0107ima obja\u0161njavaju \u0161to su kola\u010di\u0107i i kako ih koristimo, koje vrste kola\u010di\u0107a koristimo, tj. koje podatke prikupljamo pomo\u0107u kola\u010di\u0107a i kako ih koristimo te kako upravljati postavkama kola\u010di\u0107a. <\/p> <p>Kola\u010di\u0107i su male tekstualne datoteke koje se koriste za pohranu malih dijelova informacija. Pohranjuju se na va\u0161 ure\u0111aj kada se web-stranica u\u010dita u va\u0161em pregledniku. Ovi kola\u010di\u0107i nam poma\u017eu da web-stranica ispravno radi, da je u\u010dine sigurnijom, da pru\u017ee bolje korisni\u010dko iskustvo i da razumijemo kako web-stranica funkcionira te da analiziramo \u0161to funkcionira i gdje su potrebna pobolj\u0161anja.  <\/p><\/div>\n\n<h5>Kako koristimo kola\u010di\u0107e?<\/h5>\n<div class=\"cookie-policy-p\"><p>Kao i ve\u0107ina online usluga, na\u0161a web stranica koristi kola\u010di\u0107e prve i tre\u0107e strane u razli\u010dite svrhe. Kola\u010di\u0107i prve strane uglavnom su strogo potrebni za pravilno funkcioniranje web stranice i ne prikupljaju va\u0161e osobne podatke. <\/p> <p>Kola\u010di\u0107i tre\u0107ih strana na na\u0161oj web stranici koriste se prvenstveno za razumijevanje na\u010dina rada web stranice, va\u0161ih interakcija s na\u0161om web stranicom, osiguranje sigurnosti na\u0161ih usluga, pru\u017eanje oglasa koji su vam relevantni i op\u0107enito pru\u017eanje boljeg i pobolj\u0161anog korisni\u010dkog iskustva te ubrzavanje va\u0161ih budu\u0107ih interakcija s na\u0161om web stranicom.<\/p><\/div>\n\n    <h5>Vrste kola\u010di\u0107a koje koristimo<\/h5>\n\n    <div class=\"cky-audit-table-element\"><\/div>\n\n\n    <h5 style=\"margin-bottom:20px;\">Pravila o kola\u010di\u0107ima<\/h5>\n\n    <a class=\"cky-banner-element\">Postavke kola\u010di\u0107a<\/a> <br\/>\n    <div><p>Postavke kola\u010di\u0107a mo\u017eete promijeniti u bilo kojem trenutku klikom na gornji gumb. To \u0107e vam omogu\u0107iti da ponovno posjetite banner za pristanak na kola\u010di\u0107e i odmah promijenite svoje postavke ili povu\u010dete svoj pristanak. <\/p><p>Osim toga, razli\u010diti preglednici nude razli\u010dite metode za blokiranje i brisanje kola\u010di\u0107a koje koriste web-stranice. Mo\u017eete promijeniti postavke preglednika da biste blokirali\/izbrisali kola\u010di\u0107e. U nastavku su poveznice na dokumente za podr\u0161ku koji obja\u0161njavaju kako upravljati i brisati kola\u010di\u0107e u glavnim web-preglednicima.  <\/p><p>Chrome: <a href=\"https:\/\/support.google.com\/accounts\/answer\/32050\" rel=\"noopener noreferrer\" target=\"_blank\">https:\/\/support.google.com\/accounts\/answer\/32050<\/a><\/p><p>Safari: <a href=\"https:\/\/support.apple.com\/en-in\/guide\/safari\/sfri11471\/mac\" rel=\"noopener noreferrer\" target=\"_blank\">https:\/\/support.apple.com\/en-in\/guide\/safari\/sfri11471\/mac<\/a><\/p><p>Firefox: <a href=\"https:\/\/support.mozilla.org\/en-US\/kb\/clear-cookies-and-site-data-firefox?redirectslug=delete-cookies-remove-info-websites-stored&#038;redirectlocale=en-US\" rel=\"noopener noreferrer\" target=\"_blank\">https:\/\/support.mozilla.org\/en-US\/kb\/clear-cookies-and-site-data-firefox?redirectslug=delete-cookies-remove-info-websites-stored&#038;redirectlocale=en-US<\/a><\/p><p>Internet Explorer: <a href=\"https:\/\/support.microsoft.com\/en-us\/topic\/how-to-delete-cookie-files-in-internet-explorer-bca9446f-d873-78de-77ba-d42645fa52fc\" rel=\"noopener noreferrer\" target=\"_blank\">https:\/\/support.microsoft.com\/en-us\/topic\/how-to-delete-cookie-files-in-internet-explorer-bca9446f-d873-78de-77ba-d42645fa52fc<\/a><\/p><p>Ako koristite bilo koji drugi web preglednik, posjetite slu\u017ebenu dokumentaciju za podr\u0161ku za svoj preglednik.<\/p><\/div>\n<\/div>\n <\/div><\/div>\n","protected":false},"excerpt":{"rendered":"","protected":false},"author":1,"featured_media":0,"parent":0,"menu_order":0,"comment_status":"closed","ping_status":"closed","template":"","meta":{"_gspb_post_css":"#gspb_row-id-gsbp-37940c8{justify-content:space-between;margin-bottom:0;display:flex;flex-wrap:wrap;margin-top:20px;padding-bottom:70px}#gspb_row-id-gsbp-37940c8>.gspb_row__content{display:flex;justify-content:space-between;margin:0 auto;width:100%;flex-wrap:wrap}.gspb_row{position:relative}div[id^=gspb_col-id]{box-sizing:border-box;position:relative;padding:15px min(3vw,20px)}body.gspb-bodyfront #gspb_row-id-gsbp-37940c8>.gspb_row__content{max-width:var(--wp--style--global--wide-size, 1200px)}#gspb_col-id-gsbp-87b55c9.gspb_row__col--12{width:100%}@media (max-width:575.98px){#gspb_col-id-gsbp-87b55c9.gspb_row__col--12{width:100%}}","footnotes":""},"class_list":["post-4101","page","type-page","status-publish","hentry"],"_links":{"self":[{"href":"https:\/\/lumitech.si\/hr\/wp-json\/wp\/v2\/pages\/4101","targetHints":{"allow":["GET"]}}],"collection":[{"href":"https:\/\/lumitech.si\/hr\/wp-json\/wp\/v2\/pages"}],"about":[{"href":"https:\/\/lumitech.si\/hr\/wp-json\/wp\/v2\/types\/page"}],"author":[{"embeddable":true,"href":"https:\/\/lumitech.si\/hr\/wp-json\/wp\/v2\/users\/1"}],"replies":[{"embeddable":true,"href":"https:\/\/lumitech.si\/hr\/wp-json\/wp\/v2\/comments?post=4101"}],"version-history":[{"count":2,"href":"https:\/\/lumitech.si\/hr\/wp-json\/wp\/v2\/pages\/4101\/revisions"}],"predecessor-version":[{"id":4103,"href":"https:\/\/lumitech.si\/hr\/wp-json\/wp\/v2\/pages\/4101\/revisions\/4103"}],"wp:attachment":[{"href":"https:\/\/lumitech.si\/hr\/wp-json\/wp\/v2\/media?parent=4101"}],"curies":[{"name":"wp","href":"https:\/\/api.w.org\/{rel}","templated":true}]}}