{"id":4098,"date":"2024-09-17T17:32:24","date_gmt":"2024-09-17T17:32:24","guid":{"rendered":"https:\/\/lumitech.si\/zastita-podataka\/"},"modified":"2026-03-18T18:55:03","modified_gmt":"2026-03-18T18:55:03","slug":"zastita-podataka","status":"publish","type":"page","link":"https:\/\/lumitech.si\/hr\/zastita-podataka\/","title":{"rendered":"Za\u0161tita podataka"},"content":{"rendered":"\n<div style=\"height:24px\" aria-hidden=\"true\" class=\"wp-block-spacer\"><\/div>\n\n<h1 class=\"wp-block-heading has-text-align-center\" id=\"varstvo-podatkov\">Za\u0161tita podataka<\/h1>\n\n<div class=\"wp-block-greenshift-blocks-row alignwide gspb_row gspb_row-id-gsbp-15f33cd\" id=\"gspb_row-id-gsbp-15f33cd\"><div class=\"gspb_row__content\"> \n<div class=\"wp-block-greenshift-blocks-row-column gspb_row__col--12 gspb_col-id-gsbp-892a45d\" id=\"gspb_col-id-gsbp-892a45d\">\n<div id=\"gspb_text-id-gsbp-ca77e7f\" class=\"gspb_text gspb_text-id-gsbp-ca77e7f \">Na web stranici lumitech.si (u daljnjem tekstu: LUMITECH, trgovina i usluge, d.o.o.) svjesni smo va\u017enosti za\u0161tite osobnih podataka, stoga s va\u0161im podacima postupamo pa\u017eljivo i u skladu sa zakonom.<br\/><br\/>U skladu s novim propisima donesenim Uredbom (EU) 2016\/679 Europskog parlamenta i Vije\u0107a (GDPR) i nacionalnim Zakonom o za\u0161titi osobnih podataka (ZVOP-1), LUMITECH, trgovina i usluge, doo, kao voditelj obrade, du\u017ean je na zahtjev pojedinaca pru\u017eiti informacije o obradi njihovih osobnih podataka te im pru\u017eiti sve potrebne informacije za informirano dono\u0161enje odluka.<br\/><br\/><strong>Informacije o operateru:<br\/><\/strong> LUMITECH, trgovina i usluge, d.o.o.<br\/> Snakov\u0161ka ulica 43, 4294 Kri\u017ee<br\/><a href=\"telefon:%20+38640343232\">+ 386 40 343 232<\/a><br\/> E-po\u0161ta: <a href=\"mailto:info@puhala.eu\">info@lumitech.si<\/a><br\/> Web stranica: <a href=\"http:\/\/www.lumitech.si\/\">www.lumitech.si<\/a><br\/><br\/><strong>Osobni podaci na web stranici<br\/><\/strong> Na web stranici lumitech.si prikupljamo osobne podatke koje korisnici dostavljaju putem online obrasca. Ti su podaci namijenjeni isklju\u010divo poslovnoj komunikaciji. <br\/><br\/><strong>Prikupljamo sljede\u0107e podatke:<br\/><\/strong> Ime i prezime<br\/> Tvrtka<br\/> Adresa<br\/> Mjesto<br\/> GSM\/telefon<br\/> E-mail adresa<br\/><br\/>Svrha prikupljanja ovih podataka je poslovne prirode i s njima postupamo u skladu s legitimnim interesom tvrtke za daljnju suradnju i komunikaciju.<br\/><br\/>Operater ne preuzima odgovornost za to\u010dnost podataka koje daju korisnici. Kao korisnik, odgovorni ste za a\u017eurnost i to\u010dnost dostavljenih podataka. <br\/><br\/>Web stranica mo\u017ee sadr\u017eavati i poveznice na tre\u0107e strane za koje LUMITECH, trgovina i usluge, doo ne preuzima odgovornost za to\u010dnost sadr\u017eaja.<br\/><br\/><strong>Pristanak<br\/><\/strong> Obrada osobnih podataka na web stranici lumitech.si temelji se na izri\u010ditoj privoli pojedinaca u skladu s \u010dlankom 6(1)(a) GDPR-a. Svoju privolu mo\u017eete povu\u0107i u bilo kojem trenutku. <br\/><br\/><strong>Razdoblje \u010duvanja osobnih podataka<br\/><\/strong> Podaci se pohranjuju u skladu s pravilima o privatnosti web stranice lumitech.si i potrebni su za svrhe za koje su prikupljeni.<br\/><br\/><strong>Va\u0161a prava<br\/><\/strong> U skladu s GDPR-om, imate pravo pristupa, pregleda, ispravka, brisanja, prenosivosti podataka, ograni\u010denja obrade i prigovora. Za ostvarivanje svojih prava obratite se tvrtki LUMITECH, trgovina i usluge, doo, Snakov\u0161ka cesta 43, 4293 Kri\u017ee ili putem e-po\u0161te   <a href=\"mailto:info@eimv.si\" target=\"_blank\" rel=\"noreferrer noopener\"><\/a><a href=\"mailto:info@puhala.eu\">info@lumitech.si<\/a> . Va\u0161 \u0107emo zahtjev obraditi u skladu s GDPR-om. <\/div>\n<\/div>\n <\/div><\/div>\n","protected":false},"excerpt":{"rendered":"<p>Za\u0161tita podataka<\/p>\n","protected":false},"author":1,"featured_media":0,"parent":0,"menu_order":0,"comment_status":"closed","ping_status":"closed","template":"","meta":{"_gspb_post_css":"#gspb_row-id-gsbp-15f33cd{justify-content:space-between;margin-bottom:0;display:flex;flex-wrap:wrap;margin-top:5px;padding-bottom:50px}#gspb_row-id-gsbp-15f33cd>.gspb_row__content{display:flex;justify-content:space-between;margin:0 auto;width:100%;flex-wrap:wrap}.gspb_row{position:relative}div[id^=gspb_col-id]{box-sizing:border-box;position:relative;padding:var(--gs-row-column-padding, 15px min(3vw, 20px))}body.gspb-bodyfront #gspb_row-id-gsbp-15f33cd>.gspb_row__content{max-width:var(--wp--style--global--wide-size, 1200px)}#gspb_col-id-gsbp-892a45d.gspb_row__col--12{width:100%}@media (max-width:575.98px){#gspb_col-id-gsbp-892a45d.gspb_row__col--12{width:100%}}","footnotes":""},"class_list":["post-4098","page","type-page","status-publish","hentry"],"_links":{"self":[{"href":"https:\/\/lumitech.si\/hr\/wp-json\/wp\/v2\/pages\/4098","targetHints":{"allow":["GET"]}}],"collection":[{"href":"https:\/\/lumitech.si\/hr\/wp-json\/wp\/v2\/pages"}],"about":[{"href":"https:\/\/lumitech.si\/hr\/wp-json\/wp\/v2\/types\/page"}],"author":[{"embeddable":true,"href":"https:\/\/lumitech.si\/hr\/wp-json\/wp\/v2\/users\/1"}],"replies":[{"embeddable":true,"href":"https:\/\/lumitech.si\/hr\/wp-json\/wp\/v2\/comments?post=4098"}],"version-history":[{"count":5,"href":"https:\/\/lumitech.si\/hr\/wp-json\/wp\/v2\/pages\/4098\/revisions"}],"predecessor-version":[{"id":4265,"href":"https:\/\/lumitech.si\/hr\/wp-json\/wp\/v2\/pages\/4098\/revisions\/4265"}],"wp:attachment":[{"href":"https:\/\/lumitech.si\/hr\/wp-json\/wp\/v2\/media?parent=4098"}],"curies":[{"name":"wp","href":"https:\/\/api.w.org\/{rel}","templated":true}]}}