{"id":4618,"date":"2024-09-19T15:48:58","date_gmt":"2024-09-19T15:48:58","guid":{"rendered":"https:\/\/lumitech.si\/cookie-richtlinie\/"},"modified":"2026-03-18T19:07:23","modified_gmt":"2026-03-18T19:07:23","slug":"cookie-richtlinie","status":"publish","type":"page","link":"https:\/\/lumitech.si\/de\/cookie-richtlinie\/","title":{"rendered":"Cookie-Richtlinie"},"content":{"rendered":"\n<div class=\"wp-block-greenshift-blocks-row alignwide gspb_row gspb_row-id-gsbp-37940c8\" id=\"gspb_row-id-gsbp-37940c8\"><div class=\"gspb_row__content\"> \n<div class=\"wp-block-greenshift-blocks-row-column gspb_row__col--12 gspb_col-id-gsbp-87b55c9\" id=\"gspb_col-id-gsbp-87b55c9\">\n<style>\n    a.cky-banner-element {\n        padding: 8px 15px;\n        background: #F8F9FA;\n        color: #858A8F;\n        border: 1px solid #DEE2E6;\n        box-sizing: border-box;\n        border-radius: 2px;\n        cursor: pointer;\n}\n<\/style>\n<h1 class=\"cookie-policy-h1\">Cookie-Richtlinie<\/h1>\n\n<h5>Was sind Cookies?<\/h5>\n<div class=\"cookie-policy-p\"><p>Diese Cookie-Richtlinie erkl\u00e4rt, was Cookies sind und wie wir sie verwenden, welche Arten von Cookies wir verwenden, d.h. welche Informationen wir durch Cookies sammeln und wie wir sie verwenden, und wie Sie Ihre Cookie-Einstellungen verwalten k\u00f6nnen. <\/p> <p>Cookies sind kleine Textdateien, die dazu dienen, kleine Informationen zu speichern. Sie werden auf Ihrem Ger\u00e4t gespeichert, wenn eine Webseite in Ihrem Browser geladen wird. Diese Cookies helfen uns, die Website ordnungsgem\u00e4\u00df zu betreiben, sie sicherer zu machen, eine bessere Benutzererfahrung zu bieten und zu verstehen, wie die Website funktioniert und zu analysieren, was funktioniert und wo Verbesserungen erforderlich sind.  <\/p><\/div>\n\n<h5>Wie verwenden wir Cookies?<\/h5>\n<div class=\"cookie-policy-p\"><p>Wie die meisten Online-Dienste verwendet auch unsere Website Erstanbieter- und Drittanbieter-Cookies f\u00fcr unterschiedliche Zwecke. Erstanbieter-Cookies sind meist f\u00fcr das ordnungsgem\u00e4\u00dfe Funktionieren der Website erforderlich und sammeln keine pers\u00f6nlich identifizierbaren Informationen \u00fcber Sie. <\/p> <p>Cookies von Drittanbietern auf unserer Website werden in erster Linie verwendet, um zu verstehen, wie die Website funktioniert, wie Sie mit unserer Website interagieren, um die Sicherheit unserer Dienste zu gew\u00e4hrleisten, um Ihnen Werbung zu zeigen, die f\u00fcr Sie relevant ist, und ganz allgemein, um Ihnen eine bessere und verbesserte Benutzererfahrung zu bieten und Ihre zuk\u00fcnftigen Interaktionen mit unserer Website zu beschleunigen.<\/p><\/div>\n\n    <h5>Arten von Cookies, die wir verwenden<\/h5>\n\n    <div class=\"cky-audit-table-element\"><\/div>\n\n\n    <h5 style=\"margin-bottom:20px;\">Cookie-Richtlinie<\/h5>\n\n    <a class=\"cky-banner-element\">Cookie-Einstellungen<\/a> <br\/>\n    <div><p>Sie k\u00f6nnen Ihre Cookie-Einstellungen jederzeit \u00e4ndern, indem Sie auf die Schaltfl\u00e4che oben klicken. So k\u00f6nnen Sie das Cookie-Einwilligungsbanner erneut aufrufen und Ihre Einstellungen sofort \u00e4ndern oder Ihre Einwilligung widerrufen. <\/p><p>Dar\u00fcber hinaus bieten verschiedene Browser unterschiedliche Methoden zum Blockieren und L\u00f6schen von Cookies, die von Websites verwendet werden. Sie k\u00f6nnen Ihre Browsereinstellungen \u00e4ndern, um Cookies zu blockieren\/l\u00f6schen. Nachstehend finden Sie Links zu Support-Dokumenten, die erkl\u00e4ren, wie Sie Cookies in den wichtigsten Webbrowsern verwalten und l\u00f6schen k\u00f6nnen.  <\/p><p>Chrom: <a href=\"https:\/\/support.google.com\/accounts\/answer\/32050\" rel=\"noopener noreferrer\" target=\"_blank\">https:\/\/support.google.com\/accounts\/answer\/32050<\/a><\/p><p>Safari: <a href=\"https:\/\/support.apple.com\/en-in\/guide\/safari\/sfri11471\/mac\" rel=\"noopener noreferrer\" target=\"_blank\">https:\/\/support.apple.com\/en-in\/guide\/safari\/sfri11471\/mac<\/a><\/p><p>Firefox: <a href=\"https:\/\/support.mozilla.org\/en-US\/kb\/clear-cookies-and-site-data-firefox?redirectslug=delete-cookies-remove-info-websites-stored&#038;redirectlocale=en-US\" rel=\"noopener noreferrer\" target=\"_blank\">https:\/\/support.mozilla.org\/en-US\/kb\/clear-cookies-and-site-data-firefox?redirectslug=delete-cookies-remove-info-websites-stored&#038;redirectlocale=en-US<\/a><\/p><p>Internet Explorer: <a href=\"https:\/\/support.microsoft.com\/en-us\/topic\/how-to-delete-cookie-files-in-internet-explorer-bca9446f-d873-78de-77ba-d42645fa52fc\" rel=\"noopener noreferrer\" target=\"_blank\">https:\/\/support.microsoft.com\/en-us\/topic\/how-to-delete-cookie-files-in-internet-explorer-bca9446f-d873-78de-77ba-d42645fa52fc<\/a><\/p><p>Wenn Sie einen anderen Webbrowser verwenden, konsultieren Sie bitte die offiziellen Support-Dokumente Ihres Browsers.<\/p><\/div>\n<\/div>\n <\/div><\/div>\n","protected":false},"excerpt":{"rendered":"","protected":false},"author":1,"featured_media":0,"parent":0,"menu_order":0,"comment_status":"closed","ping_status":"closed","template":"","meta":{"_gspb_post_css":"#gspb_row-id-gsbp-37940c8{justify-content:space-between;margin-bottom:0;display:flex;flex-wrap:wrap;margin-top:20px;padding-bottom:70px}#gspb_row-id-gsbp-37940c8>.gspb_row__content{display:flex;justify-content:space-between;margin:0 auto;width:100%;flex-wrap:wrap}.gspb_row{position:relative}div[id^=gspb_col-id]{box-sizing:border-box;position:relative;padding:15px min(3vw,20px)}body.gspb-bodyfront #gspb_row-id-gsbp-37940c8>.gspb_row__content{max-width:var(--wp--style--global--wide-size, 1200px)}#gspb_col-id-gsbp-87b55c9.gspb_row__col--12{width:100%}@media (max-width:575.98px){#gspb_col-id-gsbp-87b55c9.gspb_row__col--12{width:100%}}","footnotes":""},"class_list":["post-4618","page","type-page","status-publish","hentry"],"_links":{"self":[{"href":"https:\/\/lumitech.si\/de\/wp-json\/wp\/v2\/pages\/4618","targetHints":{"allow":["GET"]}}],"collection":[{"href":"https:\/\/lumitech.si\/de\/wp-json\/wp\/v2\/pages"}],"about":[{"href":"https:\/\/lumitech.si\/de\/wp-json\/wp\/v2\/types\/page"}],"author":[{"embeddable":true,"href":"https:\/\/lumitech.si\/de\/wp-json\/wp\/v2\/users\/1"}],"replies":[{"embeddable":true,"href":"https:\/\/lumitech.si\/de\/wp-json\/wp\/v2\/comments?post=4618"}],"version-history":[{"count":1,"href":"https:\/\/lumitech.si\/de\/wp-json\/wp\/v2\/pages\/4618\/revisions"}],"predecessor-version":[{"id":4623,"href":"https:\/\/lumitech.si\/de\/wp-json\/wp\/v2\/pages\/4618\/revisions\/4623"}],"wp:attachment":[{"href":"https:\/\/lumitech.si\/de\/wp-json\/wp\/v2\/media?parent=4618"}],"curies":[{"name":"wp","href":"https:\/\/api.w.org\/{rel}","templated":true}]}}