{"id":4586,"date":"2024-09-17T17:32:24","date_gmt":"2024-09-17T17:32:24","guid":{"rendered":"https:\/\/lumitech.si\/datenschutz\/"},"modified":"2026-03-18T19:07:17","modified_gmt":"2026-03-18T19:07:17","slug":"datenschutz","status":"publish","type":"page","link":"https:\/\/lumitech.si\/de\/datenschutz\/","title":{"rendered":"Datenschutz"},"content":{"rendered":"\n<div style=\"height:24px\" aria-hidden=\"true\" class=\"wp-block-spacer\"><\/div>\n\n<h1 class=\"wp-block-heading has-text-align-center\" id=\"varstvo-podatkov\">Datenschutz<\/h1>\n\n<div class=\"wp-block-greenshift-blocks-row alignwide gspb_row gspb_row-id-gsbp-15f33cd\" id=\"gspb_row-id-gsbp-15f33cd\"><div class=\"gspb_row__content\"> \n<div class=\"wp-block-greenshift-blocks-row-column gspb_row__col--12 gspb_col-id-gsbp-892a45d\" id=\"gspb_col-id-gsbp-892a45d\">\n<div id=\"gspb_text-id-gsbp-ca77e7f\" class=\"gspb_text gspb_text-id-gsbp-ca77e7f \">Wir bei lumitech.si (im Folgenden: LUMITECH, Trade and Services, d.o.o) sind uns der Bedeutung des Schutzes Ihrer pers\u00f6nlichen Daten bewusst und behandeln Ihre Daten daher sorgf\u00e4ltig und in \u00dcbereinstimmung mit dem Gesetz.<br\/><br\/>Gem\u00e4\u00df den neuen Vorschriften, die durch die Verordnung (EU) 2016\/679 des Europ\u00e4ischen Parlaments und des Rates (GDPR) eingef\u00fchrt wurden, und dem nationalen Gesetz zum Schutz personenbezogener Daten (ZVOP-1) ist LUMITECH, Trade and Services Ltd. als f\u00fcr die Verarbeitung Verantwortlicher verpflichtet, auf Anfrage von Personen Auskunft \u00fcber die Verarbeitung personenbezogener Daten zu erteilen und alle erforderlichen Informationen f\u00fcr eine fundierte Entscheidungsfindung bereitzustellen.<br\/><br\/><strong>Daten \u00fcber den f\u00fcr die Verarbeitung Verantwortlichen:<br\/><\/strong>LUMITECH, Handel und Dienstleistungen, d.o.o<br\/>Snakov\u0161ka cesta 43, 4294 Kri\u017ee<br\/><a href=\"tel:%20+38640343232\">+ 386 40 343 232<\/a><br\/>E-Mail: <a href=\"mailto:info@puhala.eu\">info@lumitech.si<\/a><br\/>Web: <a href=\"http:\/\/www.lumitech.si\/\">www.lumitech.si<\/a><br\/><br\/><strong>Pers\u00f6nliche Daten auf der Website<br\/><\/strong>Wir sammeln auf der Website lumitech.si pers\u00f6nliche Daten, die die Benutzer \u00fcber ein Online-Formular angeben. Diese Informationen sind ausschlie\u00dflich f\u00fcr die gesch\u00e4ftliche Kommunikation bestimmt. <br\/><br\/><strong>Wir erheben die folgenden Daten:<br\/><\/strong>Vor- und Nachname<br\/>Firma<br\/>Adresse<br\/>Standort<br\/>GSM\/Telefon<br\/>Email-Adresse<br\/><br\/>Der Zweck der Erfassung dieser Informationen ist kommerzieller Natur und wird in \u00dcbereinstimmung mit dem legitimen Interesse des Unternehmens an weiterer Zusammenarbeit und Kommunikation gehandhabt.<br\/><br\/>Der Controller \u00fcbernimmt keine Verantwortung f\u00fcr die Richtigkeit der von den Nutzern bereitgestellten Informationen. Als Nutzer sind Sie f\u00fcr die Aktualit\u00e4t und Richtigkeit der bereitgestellten Informationen verantwortlich. <br\/><br\/>Die Website kann auch Links zu Dritten enthalten, f\u00fcr die LUMITECH, Trade and Services Ltd. keine Verantwortung f\u00fcr die Richtigkeit des Inhalts \u00fcbernimmt.<br\/><br\/><strong>Einwilligung<br\/><\/strong>Die Verarbeitung personenbezogener Daten auf der lumitech.si-Website beruht auf der ausdr\u00fccklichen Einwilligung der betroffenen Person gem\u00e4\u00df Artikel 6 Absatz 1 Buchstabe a der Datenschutz-Grundverordnung. Sie k\u00f6nnen Ihre Zustimmung jederzeit widerrufen. <br\/><br\/><strong>Aufbewahrungsdauer der pers\u00f6nlichen Daten<br\/><\/strong>Die Daten werden in \u00dcbereinstimmung mit den Datenschutzbestimmungen der lumitech.si-Website gespeichert und sind f\u00fcr die Zwecke, f\u00fcr die sie erhoben wurden, erforderlich.<br\/><br\/><strong>Ihre Rechte<br\/><\/strong>Nach der DSGVO haben Sie das Recht auf Auskunft, Einsichtnahme, Berichtigung, L\u00f6schung, Daten\u00fcbertragbarkeit, Einschr\u00e4nkung der Verarbeitung und Widerspruch. Um Ihre Rechte auszu\u00fcben, wenden Sie sich bitte an LUMITECH, Trade and Services, d.o.o, Snakov\u0161ka cesta 43, 4293 Kri\u017ee oder per E-Mail   <a href=\"mailto:info@eimv.si\" target=\"_blank\" rel=\"noreferrer noopener\"><\/a><a href=\"mailto:info@puhala.eu\">info@lumitech.si.<\/a> Ihre Anfrage wird in \u00dcbereinstimmung mit dem GDPR behandelt. <\/div>\n<\/div>\n <\/div><\/div>\n","protected":false},"excerpt":{"rendered":"<p>Datenschutz<\/p>\n","protected":false},"author":1,"featured_media":0,"parent":0,"menu_order":0,"comment_status":"closed","ping_status":"closed","template":"","meta":{"_gspb_post_css":"#gspb_row-id-gsbp-15f33cd{justify-content:space-between;margin-bottom:0;display:flex;flex-wrap:wrap;margin-top:5px;padding-bottom:50px}#gspb_row-id-gsbp-15f33cd>.gspb_row__content{display:flex;justify-content:space-between;margin:0 auto;width:100%;flex-wrap:wrap}.gspb_row{position:relative}div[id^=gspb_col-id]{box-sizing:border-box;position:relative;padding:var(--gs-row-column-padding, 15px min(3vw, 20px))}body.gspb-bodyfront #gspb_row-id-gsbp-15f33cd>.gspb_row__content{max-width:var(--wp--style--global--wide-size, 1200px)}#gspb_col-id-gsbp-892a45d.gspb_row__col--12{width:100%}@media (max-width:575.98px){#gspb_col-id-gsbp-892a45d.gspb_row__col--12{width:100%}}","footnotes":""},"class_list":["post-4586","page","type-page","status-publish","hentry"],"_links":{"self":[{"href":"https:\/\/lumitech.si\/de\/wp-json\/wp\/v2\/pages\/4586","targetHints":{"allow":["GET"]}}],"collection":[{"href":"https:\/\/lumitech.si\/de\/wp-json\/wp\/v2\/pages"}],"about":[{"href":"https:\/\/lumitech.si\/de\/wp-json\/wp\/v2\/types\/page"}],"author":[{"embeddable":true,"href":"https:\/\/lumitech.si\/de\/wp-json\/wp\/v2\/users\/1"}],"replies":[{"embeddable":true,"href":"https:\/\/lumitech.si\/de\/wp-json\/wp\/v2\/comments?post=4586"}],"version-history":[{"count":2,"href":"https:\/\/lumitech.si\/de\/wp-json\/wp\/v2\/pages\/4586\/revisions"}],"predecessor-version":[{"id":4595,"href":"https:\/\/lumitech.si\/de\/wp-json\/wp\/v2\/pages\/4586\/revisions\/4595"}],"wp:attachment":[{"href":"https:\/\/lumitech.si\/de\/wp-json\/wp\/v2\/media?parent=4586"}],"curies":[{"name":"wp","href":"https:\/\/api.w.org\/{rel}","templated":true}]}}